{"id":28847,"date":"2024-05-21T09:45:27","date_gmt":"2024-05-21T07:45:27","guid":{"rendered":"https:\/\/reve.clementvilla.fr\/?page_id=28847"},"modified":"2024-06-20T14:52:17","modified_gmt":"2024-06-20T12:52:17","slug":"contact","status":"publish","type":"page","link":"https:\/\/reve.clementvilla.fr\/en\/contact\/","title":{"rendered":"Contact us"},"content":{"rendered":"<div data-elementor-type=\"wp-page\" data-elementor-id=\"28847\" class=\"elementor elementor-28847\">\n\t\t\t\t<div class=\"elementor-element elementor-element-8faf3c7 e-con-full e-flex wpr-particle-no wpr-jarallax-no wpr-parallax-no wpr-sticky-section-no e-con e-parent\" data-id=\"8faf3c7\" data-element_type=\"container\" data-settings=\"{&quot;background_background&quot;:&quot;classic&quot;,&quot;_ha_eqh_enable&quot;:false}\">\n\t\t\t\t<div class=\"elementor-element elementor-element-2c7b380 elementor-widget elementor-widget-heading\" data-id=\"2c7b380\" data-element_type=\"widget\" data-widget_type=\"heading.default\">\n\t\t\t\t<div class=\"elementor-widget-container\">\n\t\t\t<style>\/*! elementor - v3.21.0 - 26-05-2024 *\/\n.elementor-heading-title{padding:0;margin:0;line-height:1}.elementor-widget-heading .elementor-heading-title[class*=elementor-size-]>a{color:inherit;font-size:inherit;line-height:inherit}.elementor-widget-heading .elementor-heading-title.elementor-size-small{font-size:15px}.elementor-widget-heading .elementor-heading-title.elementor-size-medium{font-size:19px}.elementor-widget-heading .elementor-heading-title.elementor-size-large{font-size:29px}.elementor-widget-heading .elementor-heading-title.elementor-size-xl{font-size:39px}.elementor-widget-heading .elementor-heading-title.elementor-size-xxl{font-size:59px}<\/style><h2 class=\"elementor-heading-title elementor-size-default\">Contact us<\/h2>\t\t<\/div>\n\t\t\t\t<\/div>\n\t\t\t\t<div class=\"elementor-element elementor-element-67c600d elementor-widget__width-initial elementor-widget-mobile__width-inherit elementor-widget elementor-widget-text-editor\" data-id=\"67c600d\" data-element_type=\"widget\" data-widget_type=\"text-editor.default\">\n\t\t\t\t<div class=\"elementor-widget-container\">\n\t\t\t<style>\/*! elementor - v3.21.0 - 26-05-2024 *\/\n.elementor-widget-text-editor.elementor-drop-cap-view-stacked .elementor-drop-cap{background-color:#69727d;color:#fff}.elementor-widget-text-editor.elementor-drop-cap-view-framed .elementor-drop-cap{color:#69727d;border:3px solid;background-color:transparent}.elementor-widget-text-editor:not(.elementor-drop-cap-view-default) .elementor-drop-cap{margin-top:8px}.elementor-widget-text-editor:not(.elementor-drop-cap-view-default) .elementor-drop-cap-letter{width:1em;height:1em}.elementor-widget-text-editor .elementor-drop-cap{float:left;text-align:center;line-height:1;font-size:50px}.elementor-widget-text-editor .elementor-drop-cap-letter{display:inline-block}<\/style>\t\t\t\t<p>Would you like to learn more about REVE?<br>Feel free to contact us.<\/p>\t\t\t\t\t\t<\/div>\n\t\t\t\t<\/div>\n\t\t\t\t<\/div>\n\t\t<div class=\"wpr-jarallax elementor-element elementor-element-10fb99d wpr-jarallax-yes elementor-hidden-mobile e-flex e-con-boxed wpr-particle-no wpr-parallax-no wpr-sticky-section-no e-con e-parent\" speed-data=\"1.2\" bg-image=\"https:\/\/reve.clementvilla.fr\/wp-content\/uploads\/2024\/05\/texture-moins-moins.png\" scroll-effect=\"scroll\" data-id=\"10fb99d\" data-element_type=\"container\" data-settings=\"{&quot;background_background&quot;:&quot;classic&quot;,&quot;shape_divider_top&quot;:&quot;curve-asymmetrical&quot;,&quot;_ha_eqh_enable&quot;:false}\">\n\t\t\t\t\t<div class=\"e-con-inner\">\n\t\t\t\t<div class=\"elementor-shape elementor-shape-top\" data-negative=\"false\">\n\t\t\t<svg xmlns=\"http:\/\/www.w3.org\/2000\/svg\" viewbox=\"0 0 1000 100\" preserveaspectratio=\"none\">\n\t<path class=\"elementor-shape-fill\" d=\"M0,0c0,0,0,6,0,6.7c0,18,240.2,93.6,615.2,92.6C989.8,98.5,1000,25,1000,6.7c0-0.7,0-6.7,0-6.7H0z\"\/>\n<\/svg>\t\t<\/div>\n\t\t<div class=\"elementor-element elementor-element-7285e52 e-grid elementor-hidden-mobile e-con-boxed wpr-particle-no wpr-jarallax-no wpr-parallax-no wpr-sticky-section-no e-con e-child\" data-id=\"7285e52\" data-element_type=\"container\" data-settings=\"{&quot;background_background&quot;:&quot;classic&quot;}\">\n\t\t\t\t\t<div class=\"e-con-inner\">\n\t\t<div class=\"elementor-element elementor-element-bf8c16c elementor-hidden-mobile e-flex e-con-boxed wpr-particle-no wpr-jarallax-no wpr-parallax-no wpr-sticky-section-no e-con e-child\" data-id=\"bf8c16c\" data-element_type=\"container\" data-settings=\"{&quot;background_background&quot;:&quot;classic&quot;,&quot;_ha_eqh_enable&quot;:false}\">\n\t\t\t\t\t<div class=\"e-con-inner\">\n\t\t\t\t<div class=\"elementor-element elementor-element-ff29a55 elementor-widget__width-inherit elementor-hidden-mobile elementor-widget elementor-widget-ha-cf7 happy-addon ha-cf7\" data-id=\"ff29a55\" data-element_type=\"widget\" data-widget_type=\"ha-cf7.default\">\n\t\t\t\t<div class=\"elementor-widget-container\">\n\t\t\t\n<div class=\"wpcf7 no-js\" id=\"wpcf7-f29592-o1\" lang=\"fr-FR\" dir=\"ltr\">\n<div class=\"screen-reader-response\"><p role=\"status\" aria-live=\"polite\" aria-atomic=\"true\"><\/p> <ul><\/ul><\/div>\n<form action=\"\/en\/wp-json\/wp\/v2\/pages\/28847#wpcf7-f29592-o1\" method=\"post\" class=\"wpcf7-form init ha-cf7-form\" aria-label=\"Formulaire de contact\" enctype=\"multipart\/form-data\" novalidate=\"novalidate\" data-status=\"init\" data-trp-original-action=\"\/en\/wp-json\/wp\/v2\/pages\/28847#wpcf7-f29592-o1\">\n<div style=\"display: none;\">\n<input type=\"hidden\" name=\"_wpcf7\" value=\"29592\" \/>\n<input type=\"hidden\" name=\"_wpcf7_version\" value=\"5.9.5\" \/>\n<input type=\"hidden\" name=\"_wpcf7_locale\" value=\"fr_FR\" \/>\n<input type=\"hidden\" name=\"_wpcf7_unit_tag\" value=\"wpcf7-f29592-o1\" \/>\n<input type=\"hidden\" name=\"_wpcf7_container_post\" value=\"0\" \/>\n<input type=\"hidden\" name=\"_wpcf7_posted_data_hash\" value=\"\" \/>\n<\/div>\n<p><span class=\"wpcf7-form-control-wrap\" data-name=\"Nom\"><input size=\"40\" class=\"wpcf7-form-control wpcf7-text wpcf7-validates-as-required\" aria-required=\"true\" aria-invalid=\"false\" placeholder=\"Name Surname *\" value=\"\" type=\"text\" name=\"Nom\" \/><\/span>\n<\/p>\n<p><span class=\"wpcf7-form-control-wrap\" data-name=\"Email\"><input size=\"40\" class=\"wpcf7-form-control wpcf7-email wpcf7-validates-as-required wpcf7-text wpcf7-validates-as-email\" aria-required=\"true\" aria-invalid=\"false\" placeholder=\"Mail *\" value=\"\" type=\"email\" name=\"Email\" \/><\/span>\n<\/p>\n<p><span class=\"wpcf7-form-control-wrap\" data-name=\"Objet\"><input size=\"40\" class=\"wpcf7-form-control wpcf7-text wpcf7-validates-as-required\" aria-required=\"true\" aria-invalid=\"false\" placeholder=\"Object *\" value=\"\" type=\"text\" name=\"Objet\" \/><\/span>\n<\/p>\n<p><span class=\"wpcf7-form-control-wrap\" data-name=\"Message\"><textarea cols=\"40\" rows=\"10\" class=\"wpcf7-form-control wpcf7-textarea wpcf7-validates-as-required\" aria-required=\"true\" aria-invalid=\"false\" placeholder=\"Your message *\" name=\"Message\"><\/textarea><\/span>\n<\/p>\n<p><span class=\"wpcf7-form-control-wrap\" data-name=\"fichier\"><input size=\"40\" class=\"wpcf7-form-control wpcf7-file\" accept=\"audio\/*,video\/*,image\/*\" aria-invalid=\"false\" type=\"file\" name=\"fichier\" \/><\/span>\n<\/p>\n<p><span class=\"wpcf7-form-control-wrap\" data-name=\"acceptance-804\"><span class=\"wpcf7-form-control wpcf7-acceptance\"><span class=\"wpcf7-list-item\"><label><input type=\"checkbox\" name=\"acceptance-804\" value=\"1\" aria-invalid=\"false\" \/><span class=\"wpcf7-list-item-label\">* I am over 15 years old or I have the consent of a legal guardian to transmit personal data via this form<\/span><\/label><\/span><\/span><\/span>\n<\/p>\n<p><span class=\"wpcf7-form-control-wrap\" data-name=\"acceptance-804\"><span class=\"wpcf7-form-control wpcf7-acceptance\"><span class=\"wpcf7-list-item\"><label><input type=\"checkbox\" name=\"acceptance-804\" value=\"1\" aria-invalid=\"false\" \/><span class=\"wpcf7-list-item-label\">* I agree that the data entered on this form will be stored in the database of this website.<\/span><\/label><\/span><\/span><\/span>\n<\/p>\n<p><input class=\"wpcf7-form-control wpcf7-submit has-spinner\" type=\"submit\" value=\"Send\" \/>\n<\/p><div class=\"wpcf7-response-output\" aria-hidden=\"true\"><\/div>\n<input type=\"hidden\" name=\"trp-form-language\" value=\"en\"\/><\/form>\n<\/div>\n\t\t<\/div>\n\t\t\t\t<\/div>\n\t\t\t\t\t<\/div>\n\t\t\t\t<\/div>\n\t\t\t\t\t<\/div>\n\t\t\t\t<\/div>\n\t\t\t\t\t<\/div>\n\t\t\t\t<\/div>\n\t\t<div class=\"wpr-jarallax elementor-element elementor-element-f392571 wpr-jarallax-yes elementor-hidden-desktop elementor-hidden-tablet e-flex e-con-boxed wpr-particle-no wpr-parallax-no wpr-sticky-section-no e-con e-parent\" speed-data=\"1.2\" bg-image=\"https:\/\/reve.clementvilla.fr\/wp-content\/uploads\/2024\/05\/texture-moins-moins.png\" scroll-effect=\"scroll\" data-id=\"f392571\" data-element_type=\"container\" data-settings=\"{&quot;background_background&quot;:&quot;classic&quot;,&quot;shape_divider_top&quot;:&quot;curve-asymmetrical&quot;,&quot;_ha_eqh_enable&quot;:false}\">\n\t\t\t\t\t<div class=\"e-con-inner\">\n\t\t\t\t<div class=\"elementor-shape elementor-shape-top\" data-negative=\"false\">\n\t\t\t<svg xmlns=\"http:\/\/www.w3.org\/2000\/svg\" viewbox=\"0 0 1000 100\" preserveaspectratio=\"none\">\n\t<path class=\"elementor-shape-fill\" d=\"M0,0c0,0,0,6,0,6.7c0,18,240.2,93.6,615.2,92.6C989.8,98.5,1000,25,1000,6.7c0-0.7,0-6.7,0-6.7H0z\"\/>\n<\/svg>\t\t<\/div>\n\t\t<div class=\"elementor-element elementor-element-b72ae0b e-grid e-con-boxed wpr-particle-no wpr-jarallax-no wpr-parallax-no wpr-sticky-section-no e-con e-child\" data-id=\"b72ae0b\" data-element_type=\"container\" data-settings=\"{&quot;background_background&quot;:&quot;classic&quot;}\">\n\t\t\t\t\t<div class=\"e-con-inner\">\n\t\t<div class=\"elementor-element elementor-element-a80afb2 elementor-hidden-desktop elementor-hidden-tablet e-flex e-con-boxed wpr-particle-no wpr-jarallax-no wpr-parallax-no wpr-sticky-section-no e-con e-child\" data-id=\"a80afb2\" data-element_type=\"container\" data-settings=\"{&quot;background_background&quot;:&quot;classic&quot;,&quot;_ha_eqh_enable&quot;:false}\">\n\t\t\t\t\t<div class=\"e-con-inner\">\n\t\t\t\t<div class=\"elementor-element elementor-element-4289bc4 elementor-widget__width-inherit elementor-hidden-desktop elementor-hidden-tablet elementor-widget elementor-widget-ha-cf7 happy-addon ha-cf7\" data-id=\"4289bc4\" data-element_type=\"widget\" data-widget_type=\"ha-cf7.default\">\n\t\t\t\t<div class=\"elementor-widget-container\">\n\t\t\t\n<div class=\"wpcf7 no-js\" id=\"wpcf7-f29592-o2\" lang=\"fr-FR\" dir=\"ltr\">\n<div class=\"screen-reader-response\"><p role=\"status\" aria-live=\"polite\" aria-atomic=\"true\"><\/p> <ul><\/ul><\/div>\n<form action=\"\/en\/wp-json\/wp\/v2\/pages\/28847#wpcf7-f29592-o2\" method=\"post\" class=\"wpcf7-form init ha-cf7-form\" aria-label=\"Formulaire de contact\" enctype=\"multipart\/form-data\" novalidate=\"novalidate\" data-status=\"init\" data-trp-original-action=\"\/en\/wp-json\/wp\/v2\/pages\/28847#wpcf7-f29592-o2\">\n<div style=\"display: none;\">\n<input type=\"hidden\" name=\"_wpcf7\" value=\"29592\" \/>\n<input type=\"hidden\" name=\"_wpcf7_version\" value=\"5.9.5\" \/>\n<input type=\"hidden\" name=\"_wpcf7_locale\" value=\"fr_FR\" \/>\n<input type=\"hidden\" name=\"_wpcf7_unit_tag\" value=\"wpcf7-f29592-o2\" \/>\n<input type=\"hidden\" name=\"_wpcf7_container_post\" value=\"0\" \/>\n<input type=\"hidden\" name=\"_wpcf7_posted_data_hash\" value=\"\" \/>\n<\/div>\n<p><span class=\"wpcf7-form-control-wrap\" data-name=\"Nom\"><input size=\"40\" class=\"wpcf7-form-control wpcf7-text wpcf7-validates-as-required\" aria-required=\"true\" aria-invalid=\"false\" placeholder=\"Name Surname *\" value=\"\" type=\"text\" name=\"Nom\" \/><\/span>\n<\/p>\n<p><span class=\"wpcf7-form-control-wrap\" data-name=\"Email\"><input size=\"40\" class=\"wpcf7-form-control wpcf7-email wpcf7-validates-as-required wpcf7-text wpcf7-validates-as-email\" aria-required=\"true\" aria-invalid=\"false\" placeholder=\"Mail *\" value=\"\" type=\"email\" name=\"Email\" \/><\/span>\n<\/p>\n<p><span class=\"wpcf7-form-control-wrap\" data-name=\"Objet\"><input size=\"40\" class=\"wpcf7-form-control wpcf7-text wpcf7-validates-as-required\" aria-required=\"true\" aria-invalid=\"false\" placeholder=\"Object *\" value=\"\" type=\"text\" name=\"Objet\" \/><\/span>\n<\/p>\n<p><span class=\"wpcf7-form-control-wrap\" data-name=\"Message\"><textarea cols=\"40\" rows=\"10\" class=\"wpcf7-form-control wpcf7-textarea wpcf7-validates-as-required\" aria-required=\"true\" aria-invalid=\"false\" placeholder=\"Your message *\" name=\"Message\"><\/textarea><\/span>\n<\/p>\n<p><span class=\"wpcf7-form-control-wrap\" data-name=\"fichier\"><input size=\"40\" class=\"wpcf7-form-control wpcf7-file\" accept=\"audio\/*,video\/*,image\/*\" aria-invalid=\"false\" type=\"file\" name=\"fichier\" \/><\/span>\n<\/p>\n<p><span class=\"wpcf7-form-control-wrap\" data-name=\"acceptance-804\"><span class=\"wpcf7-form-control wpcf7-acceptance\"><span class=\"wpcf7-list-item\"><label><input type=\"checkbox\" name=\"acceptance-804\" value=\"1\" aria-invalid=\"false\" \/><span class=\"wpcf7-list-item-label\">* I am over 15 years old or I have the consent of a legal guardian to transmit personal data via this form<\/span><\/label><\/span><\/span><\/span>\n<\/p>\n<p><span class=\"wpcf7-form-control-wrap\" data-name=\"acceptance-804\"><span class=\"wpcf7-form-control wpcf7-acceptance\"><span class=\"wpcf7-list-item\"><label><input type=\"checkbox\" name=\"acceptance-804\" value=\"1\" aria-invalid=\"false\" \/><span class=\"wpcf7-list-item-label\">* I agree that the data entered on this form will be stored in the database of this website.<\/span><\/label><\/span><\/span><\/span>\n<\/p>\n<p><input class=\"wpcf7-form-control wpcf7-submit has-spinner\" type=\"submit\" value=\"Send\" \/>\n<\/p><div class=\"wpcf7-response-output\" aria-hidden=\"true\"><\/div>\n<input type=\"hidden\" name=\"trp-form-language\" value=\"en\"\/><\/form>\n<\/div>\n\t\t<\/div>\n\t\t\t\t<\/div>\n\t\t\t\t\t<\/div>\n\t\t\t\t<\/div>\n\t\t\t\t\t<\/div>\n\t\t\t\t<\/div>\n\t\t\t\t\t<\/div>\n\t\t\t\t<\/div>\n\t\t\t\t<\/div>","protected":false},"excerpt":{"rendered":"<p>Contact Vous souhaitez en savoir plus sur REVE ?N\u2019h\u00e9sitez pas \u00e0 nous contacter. Nous nous ferons un plaisir de vous r\u00e9pondre&nbsp;! * J&rsquo;ai plus de 15 ans ou j&rsquo;ai le consentement d&rsquo;un de mes responsables l\u00e9gaux pour transmettre des donn\u00e9es personnelles via ce formulaire * J&rsquo;accepte que les donn\u00e9es saisies sur ce formulaire soient conserv\u00e9es dans la base de donn\u00e9es de ce site * J&rsquo;ai plus de 15 ans ou j&rsquo;ai le consentement d&rsquo;un de mes responsables l\u00e9gaux pour transmettre des donn\u00e9es personnelles via ce formulaire * J&rsquo;accepte que les donn\u00e9es saisies sur ce formulaire soient conserv\u00e9es dans la base de donn\u00e9es de ce site<\/p>","protected":false},"author":1,"featured_media":0,"parent":0,"menu_order":0,"comment_status":"closed","ping_status":"closed","template":"","meta":{"footnotes":""},"class_list":["post-28847","page","type-page","status-publish","hentry"],"yoast_head":"<!-- This site is optimized with the Yoast SEO plugin v22.9 - https:\/\/yoast.com\/wordpress\/plugins\/seo\/ -->\n<title>Contact - REVE<\/title>\n<meta name=\"description\" content=\"Vous souhaitez entrer en contact avec REVE ? N\u2019h\u00e9sitez pas \u00e0 nous contacter, nous nous ferons un plaisir de vous r\u00e9pondre !\" \/>\n<meta name=\"robots\" content=\"index, follow, max-snippet:-1, max-image-preview:large, max-video-preview:-1\" \/>\n<link rel=\"canonical\" href=\"https:\/\/reve.clementvilla.fr\/en\/contact\/\" \/>\n<meta property=\"og:locale\" content=\"en_GB\" \/>\n<meta property=\"og:type\" content=\"article\" \/>\n<meta property=\"og:title\" content=\"Contact - REVE\" \/>\n<meta property=\"og:description\" content=\"Vous souhaitez entrer en contact avec REVE ? N\u2019h\u00e9sitez pas \u00e0 nous contacter, nous nous ferons un plaisir de vous r\u00e9pondre !\" \/>\n<meta property=\"og:url\" content=\"https:\/\/reve.clementvilla.fr\/en\/contact\/\" \/>\n<meta property=\"og:site_name\" content=\"REVE\" \/>\n<meta property=\"article:modified_time\" content=\"2024-06-20T12:52:17+00:00\" \/>\n<meta name=\"twitter:card\" content=\"summary_large_image\" \/>\n<meta name=\"twitter:label1\" content=\"Estimated reading time\" \/>\n\t<meta name=\"twitter:data1\" content=\"1 minute\" \/>\n<script type=\"application\/ld+json\" class=\"yoast-schema-graph\">{\"@context\":\"https:\/\/schema.org\",\"@graph\":[{\"@type\":\"WebPage\",\"@id\":\"https:\/\/reve.clementvilla.fr\/contact\/\",\"url\":\"https:\/\/reve.clementvilla.fr\/contact\/\",\"name\":\"Contact - REVE\",\"isPartOf\":{\"@id\":\"https:\/\/reve.clementvilla.fr\/#website\"},\"datePublished\":\"2024-05-21T07:45:27+00:00\",\"dateModified\":\"2024-06-20T12:52:17+00:00\",\"description\":\"Vous souhaitez entrer en contact avec REVE ? N\u2019h\u00e9sitez pas \u00e0 nous contacter, nous nous ferons un plaisir de vous r\u00e9pondre !\",\"breadcrumb\":{\"@id\":\"https:\/\/reve.clementvilla.fr\/contact\/#breadcrumb\"},\"inLanguage\":\"en-GB\",\"potentialAction\":[{\"@type\":\"ReadAction\",\"target\":[\"https:\/\/reve.clementvilla.fr\/contact\/\"]}]},{\"@type\":\"BreadcrumbList\",\"@id\":\"https:\/\/reve.clementvilla.fr\/contact\/#breadcrumb\",\"itemListElement\":[{\"@type\":\"ListItem\",\"position\":1,\"name\":\"Accueil\",\"item\":\"https:\/\/reve.clementvilla.fr\/\"},{\"@type\":\"ListItem\",\"position\":2,\"name\":\"Contact\"}]},{\"@type\":\"WebSite\",\"@id\":\"https:\/\/reve.clementvilla.fr\/#website\",\"url\":\"https:\/\/reve.clementvilla.fr\/\",\"name\":\"REVE\",\"description\":\"R\u00e9seau Est des V\u00e9sicules Extracellulaires\",\"publisher\":{\"@id\":\"https:\/\/reve.clementvilla.fr\/#organization\"},\"potentialAction\":[{\"@type\":\"SearchAction\",\"target\":{\"@type\":\"EntryPoint\",\"urlTemplate\":\"https:\/\/reve.clementvilla.fr\/?s={search_term_string}\"},\"query-input\":\"required name=search_term_string\"}],\"inLanguage\":\"en-GB\"},{\"@type\":\"Organization\",\"@id\":\"https:\/\/reve.clementvilla.fr\/#organization\",\"name\":\"REVE\",\"url\":\"https:\/\/reve.clementvilla.fr\/\",\"logo\":{\"@type\":\"ImageObject\",\"inLanguage\":\"en-GB\",\"@id\":\"https:\/\/reve.clementvilla.fr\/#\/schema\/logo\/image\/\",\"url\":\"https:\/\/reve.clementvilla.fr\/wp-content\/uploads\/2024\/06\/favicon.jpg\",\"contentUrl\":\"https:\/\/reve.clementvilla.fr\/wp-content\/uploads\/2024\/06\/favicon.jpg\",\"width\":512,\"height\":512,\"caption\":\"REVE\"},\"image\":{\"@id\":\"https:\/\/reve.clementvilla.fr\/#\/schema\/logo\/image\/\"}}]}<\/script>\n<!-- \/ Yoast SEO plugin. -->","yoast_head_json":{"title":"Contact - REVE","description":"Vous souhaitez entrer en contact avec REVE ? N\u2019h\u00e9sitez pas \u00e0 nous contacter, nous nous ferons un plaisir de vous r\u00e9pondre !","robots":{"index":"index","follow":"follow","max-snippet":"max-snippet:-1","max-image-preview":"max-image-preview:large","max-video-preview":"max-video-preview:-1"},"canonical":"https:\/\/reve.clementvilla.fr\/en\/contact\/","og_locale":"en_GB","og_type":"article","og_title":"Contact - REVE","og_description":"Vous souhaitez entrer en contact avec REVE ? N\u2019h\u00e9sitez pas \u00e0 nous contacter, nous nous ferons un plaisir de vous r\u00e9pondre !","og_url":"https:\/\/reve.clementvilla.fr\/en\/contact\/","og_site_name":"REVE","article_modified_time":"2024-06-20T12:52:17+00:00","twitter_card":"summary_large_image","twitter_misc":{"Estimated reading time":"1 minute"},"schema":{"@context":"https:\/\/schema.org","@graph":[{"@type":"WebPage","@id":"https:\/\/reve.clementvilla.fr\/contact\/","url":"https:\/\/reve.clementvilla.fr\/contact\/","name":"Contact - REVE","isPartOf":{"@id":"https:\/\/reve.clementvilla.fr\/#website"},"datePublished":"2024-05-21T07:45:27+00:00","dateModified":"2024-06-20T12:52:17+00:00","description":"Vous souhaitez entrer en contact avec REVE ? N\u2019h\u00e9sitez pas \u00e0 nous contacter, nous nous ferons un plaisir de vous r\u00e9pondre !","breadcrumb":{"@id":"https:\/\/reve.clementvilla.fr\/contact\/#breadcrumb"},"inLanguage":"en-GB","potentialAction":[{"@type":"ReadAction","target":["https:\/\/reve.clementvilla.fr\/contact\/"]}]},{"@type":"BreadcrumbList","@id":"https:\/\/reve.clementvilla.fr\/contact\/#breadcrumb","itemListElement":[{"@type":"ListItem","position":1,"name":"Accueil","item":"https:\/\/reve.clementvilla.fr\/"},{"@type":"ListItem","position":2,"name":"Contact"}]},{"@type":"WebSite","@id":"https:\/\/reve.clementvilla.fr\/#website","url":"https:\/\/reve.clementvilla.fr\/","name":"REVE","description":"R\u00e9seau Est des V\u00e9sicules Extracellulaires","publisher":{"@id":"https:\/\/reve.clementvilla.fr\/#organization"},"potentialAction":[{"@type":"SearchAction","target":{"@type":"EntryPoint","urlTemplate":"https:\/\/reve.clementvilla.fr\/?s={search_term_string}"},"query-input":"required name=search_term_string"}],"inLanguage":"en-GB"},{"@type":"Organization","@id":"https:\/\/reve.clementvilla.fr\/#organization","name":"REVE","url":"https:\/\/reve.clementvilla.fr\/","logo":{"@type":"ImageObject","inLanguage":"en-GB","@id":"https:\/\/reve.clementvilla.fr\/#\/schema\/logo\/image\/","url":"https:\/\/reve.clementvilla.fr\/wp-content\/uploads\/2024\/06\/favicon.jpg","contentUrl":"https:\/\/reve.clementvilla.fr\/wp-content\/uploads\/2024\/06\/favicon.jpg","width":512,"height":512,"caption":"REVE"},"image":{"@id":"https:\/\/reve.clementvilla.fr\/#\/schema\/logo\/image\/"}}]}},"_links":{"self":[{"href":"https:\/\/reve.clementvilla.fr\/en\/wp-json\/wp\/v2\/pages\/28847","targetHints":{"allow":["GET"]}}],"collection":[{"href":"https:\/\/reve.clementvilla.fr\/en\/wp-json\/wp\/v2\/pages"}],"about":[{"href":"https:\/\/reve.clementvilla.fr\/en\/wp-json\/wp\/v2\/types\/page"}],"author":[{"embeddable":true,"href":"https:\/\/reve.clementvilla.fr\/en\/wp-json\/wp\/v2\/users\/1"}],"replies":[{"embeddable":true,"href":"https:\/\/reve.clementvilla.fr\/en\/wp-json\/wp\/v2\/comments?post=28847"}],"version-history":[{"count":131,"href":"https:\/\/reve.clementvilla.fr\/en\/wp-json\/wp\/v2\/pages\/28847\/revisions"}],"predecessor-version":[{"id":30529,"href":"https:\/\/reve.clementvilla.fr\/en\/wp-json\/wp\/v2\/pages\/28847\/revisions\/30529"}],"wp:attachment":[{"href":"https:\/\/reve.clementvilla.fr\/en\/wp-json\/wp\/v2\/media?parent=28847"}],"curies":[{"name":"wp","href":"https:\/\/api.w.org\/{rel}","templated":true}]}}