{"id":30036,"date":"2024-06-10T14:48:45","date_gmt":"2024-06-10T12:48:45","guid":{"rendered":"https:\/\/reve.clementvilla.fr\/?page_id=30036"},"modified":"2024-06-21T14:56:49","modified_gmt":"2024-06-21T12:56:49","slug":"qui-sommes-nous","status":"publish","type":"page","link":"https:\/\/reve.clementvilla.fr\/en\/qui-sommes-nous\/","title":{"rendered":"Who are we?"},"content":{"rendered":"<div data-elementor-type=\"wp-page\" data-elementor-id=\"30036\" class=\"elementor elementor-30036\">\n\t\t\t\t<div class=\"elementor-element elementor-element-d3e0962 e-con-full e-flex wpr-particle-no wpr-jarallax-no wpr-parallax-no wpr-sticky-section-no e-con e-parent\" data-id=\"d3e0962\" data-element_type=\"container\" data-settings=\"{&quot;background_background&quot;:&quot;classic&quot;,&quot;_ha_eqh_enable&quot;:false}\">\n\t\t\t\t<div class=\"elementor-element elementor-element-ebc1ad4 elementor-widget elementor-widget-heading\" data-id=\"ebc1ad4\" data-element_type=\"widget\" data-widget_type=\"heading.default\">\n\t\t\t\t<div class=\"elementor-widget-container\">\n\t\t\t<style>\/*! elementor - v3.21.0 - 26-05-2024 *\/\n.elementor-heading-title{padding:0;margin:0;line-height:1}.elementor-widget-heading .elementor-heading-title[class*=elementor-size-]>a{color:inherit;font-size:inherit;line-height:inherit}.elementor-widget-heading .elementor-heading-title.elementor-size-small{font-size:15px}.elementor-widget-heading .elementor-heading-title.elementor-size-medium{font-size:19px}.elementor-widget-heading .elementor-heading-title.elementor-size-large{font-size:29px}.elementor-widget-heading .elementor-heading-title.elementor-size-xl{font-size:39px}.elementor-widget-heading .elementor-heading-title.elementor-size-xxl{font-size:59px}<\/style><h2 class=\"elementor-heading-title elementor-size-default\">Who are we?<\/h2>\t\t<\/div>\n\t\t\t\t<\/div>\n\t\t\t\t<div class=\"elementor-element elementor-element-a78feac elementor-widget__width-initial elementor-widget-mobile__width-inherit elementor-widget elementor-widget-text-editor\" data-id=\"a78feac\" data-element_type=\"widget\" data-widget_type=\"text-editor.default\">\n\t\t\t\t<div class=\"elementor-widget-container\">\n\t\t\t<style>\/*! elementor - v3.21.0 - 26-05-2024 *\/\n.elementor-widget-text-editor.elementor-drop-cap-view-stacked .elementor-drop-cap{background-color:#69727d;color:#fff}.elementor-widget-text-editor.elementor-drop-cap-view-framed .elementor-drop-cap{color:#69727d;border:3px solid;background-color:transparent}.elementor-widget-text-editor:not(.elementor-drop-cap-view-default) .elementor-drop-cap{margin-top:8px}.elementor-widget-text-editor:not(.elementor-drop-cap-view-default) .elementor-drop-cap-letter{width:1em;height:1em}.elementor-widget-text-editor .elementor-drop-cap{float:left;text-align:center;line-height:1;font-size:50px}.elementor-widget-text-editor .elementor-drop-cap-letter{display:inline-block}<\/style>\t\t\t\t<p>Explore the REVE network and its members, a French research consortium dedicated to extracellular vesicles. Our interdisciplinary collaboration stimulates innovation and the exchange of knowledge in biomedicine and biotechnology.<\/p>\t\t\t\t\t\t<\/div>\n\t\t\t\t<\/div>\n\t\t\t\t<\/div>\n\t\t<div class=\"elementor-element elementor-element-ab5ede6 e-flex e-con-boxed wpr-particle-no wpr-parallax-no wpr-sticky-section-no e-con e-parent\" data-id=\"ab5ede6\" data-element_type=\"container\" data-settings=\"{&quot;background_background&quot;:&quot;classic&quot;,&quot;shape_divider_top&quot;:&quot;curve-asymmetrical&quot;,&quot;_ha_eqh_enable&quot;:false}\">\n\t\t\t\t\t<div class=\"e-con-inner\">\n\t\t\t\t<div class=\"elementor-shape elementor-shape-top\" data-negative=\"false\">\n\t\t\t<svg xmlns=\"http:\/\/www.w3.org\/2000\/svg\" viewbox=\"0 0 1000 100\" preserveaspectratio=\"none\">\n\t<path class=\"elementor-shape-fill\" d=\"M0,0c0,0,0,6,0,6.7c0,18,240.2,93.6,615.2,92.6C989.8,98.5,1000,25,1000,6.7c0-0.7,0-6.7,0-6.7H0z\"\/>\n<\/svg>\t\t<\/div>\n\t\t\t\t<div class=\"elementor-element elementor-element-d2976cd elementor-widget elementor-widget-heading\" data-id=\"d2976cd\" data-element_type=\"widget\" id=\"bulles-bleu\" data-widget_type=\"heading.default\">\n\t\t\t\t<div class=\"elementor-widget-container\">\n\t\t\t<h2 class=\"elementor-heading-title elementor-size-default\">Key dates of the network<\/h2>\t\t<\/div>\n\t\t\t\t<\/div>\n\t\t\t\t<div class=\"elementor-element elementor-element-4710204 wpr-list-style-none elementor-widget elementor-widget-wpr-posts-timeline\" data-id=\"4710204\" data-element_type=\"widget\" data-settings=\"{&quot;animation_offset&quot;:150,&quot;aos_animation_duration&quot;:600}\" data-widget_type=\"wpr-posts-timeline.default\">\n\t\t\t\t<div class=\"elementor-widget-container\">\n\t\t\t\n\t\t<div class=\"wpr-wrapper wpr-vertical wpr-centered\">\n\t\t\t<div class=\"wpr-timeline-centered wpr-line wpr-both-sided-timeline\"><div class=\"wpr-middle-line\"><\/div><div class=\"wpr-timeline-fill\" data-layout=\"centered\"><\/div><article class=\"wpr-timeline-entry wpr-left-aligned elementor-repeater-item-577aca4\" data-item-id=\"elementor-repeater-item-577aca4\"><time class=\"wpr-extra-label\" data-aos=\"fade\" data-aos-left=\"\" data-aos-right=\"\" data-animation-offset=\"150\" data-animation-duration=\"600\"><span class=\"wpr-label\">D\u00e9cembre 2022<\/span><\/time><div class=\"wpr-timeline-entry-inner\"><div class=\"wpr-main-line-icon wpr-icon\"><\/div><div class=\"wpr-story-info-vertical wpr-data-wrap\"  data-aos=\"fade\" data-aos-left=\"\" data-aos-right=\"\" data-animation-offset=\"150\" data-animation-duration=\"600\"><div class=\"wpr-animation-wrap wpr-timeline-media\"><img fetchpriority=\"high\" decoding=\"async\" width=\"535\" height=\"411\" src=\"https:\/\/reve.clementvilla.fr\/wp-content\/uploads\/2024\/05\/logo-reve-noir.png\" class=\"attachment-full size-full\" alt=\"\" srcset=\"https:\/\/reve.clementvilla.fr\/wp-content\/uploads\/2024\/05\/logo-reve-noir.png 535w, https:\/\/reve.clementvilla.fr\/wp-content\/uploads\/2024\/05\/logo-reve-noir-300x230.png 300w\" sizes=\"(max-width: 535px) 100vw, 535px\" \/><\/div><div class=\"wpr-timeline-content-wrapper\"><div class=\"wpr-content-wrapper\"><p class=\"wpr-title-wrap\"><span class=\"wpr-title\">Cr\u00e9ation du r\u00e9seau<\/span><\/p><div class=\"wpr-description\"><p>In December 2022, the REVE network was created with the aim of showcasing knowledge about EVs in the eastern region of France.<\/p><\/div><\/div><\/div><\/div>\n\t\t\t\t\t\t<\/div>\n\t\t\t\t<\/article><article class=\"wpr-timeline-entry wpr-right-aligned elementor-repeater-item-455ef41\" data-item-id=\"elementor-repeater-item-455ef41\"><time class=\"wpr-extra-label\" data-aos=\"fade\" data-aos-left=\"\" data-aos-right=\"\" data-animation-offset=\"150\" data-animation-duration=\"600\"><span class=\"wpr-label\">20 juin 2023<\/span><\/time><div class=\"wpr-timeline-entry-inner\"><div class=\"wpr-main-line-icon wpr-icon\"><\/div><div class=\"wpr-story-info-vertical wpr-data-wrap\"  data-aos=\"fade\" data-aos-left=\"\" data-aos-right=\"\" data-animation-offset=\"150\" data-animation-duration=\"600\"><div class=\"wpr-animation-wrap wpr-timeline-media\"><img decoding=\"async\" width=\"1280\" height=\"960\" src=\"https:\/\/reve.clementvilla.fr\/wp-content\/uploads\/2024\/06\/photo-de-groupe-REVE_juin23.jpg\" class=\"attachment-full size-full\" alt=\"Les membres du r\u00e9seau REVE lors de la premi\u00e8re journ\u00e9e\" srcset=\"https:\/\/reve.clementvilla.fr\/wp-content\/uploads\/2024\/06\/photo-de-groupe-REVE_juin23.jpg 1280w, https:\/\/reve.clementvilla.fr\/wp-content\/uploads\/2024\/06\/photo-de-groupe-REVE_juin23-300x225.jpg 300w, https:\/\/reve.clementvilla.fr\/wp-content\/uploads\/2024\/06\/photo-de-groupe-REVE_juin23-1024x768.jpg 1024w, https:\/\/reve.clementvilla.fr\/wp-content\/uploads\/2024\/06\/photo-de-groupe-REVE_juin23-768x576.jpg 768w, https:\/\/reve.clementvilla.fr\/wp-content\/uploads\/2024\/06\/photo-de-groupe-REVE_juin23-500x375.jpg 500w\" sizes=\"(max-width: 1280px) 100vw, 1280px\" \/><\/div><div class=\"wpr-timeline-content-wrapper\"><div class=\"wpr-content-wrapper\"><p class=\"wpr-title-wrap\"><span class=\"wpr-title\">Journ\u00e9e 1<\/span><\/p><div class=\"wpr-description\"><p>On June 20, 2023, the first meeting for all members of the REVE network took place. This day allowed members to attend numerous conferences on extracellular vesicles and to meet with sponsors.<\/p><\/div><\/div><\/div><\/div>\n\t\t\t\t\t\t<\/div>\n\t\t\t\t<\/article><article class=\"wpr-timeline-entry wpr-left-aligned elementor-repeater-item-4098eaa\" data-item-id=\"elementor-repeater-item-4098eaa\"><time class=\"wpr-extra-label\" data-aos=\"fade\" data-aos-left=\"\" data-aos-right=\"\" data-animation-offset=\"150\" data-animation-duration=\"600\"><span class=\"wpr-label\">18 d\u00e9cembre 2023<\/span><\/time><div class=\"wpr-timeline-entry-inner\"><div class=\"wpr-main-line-icon wpr-icon\"><\/div><div class=\"wpr-story-info-vertical wpr-data-wrap\"  data-aos=\"fade\" data-aos-left=\"\" data-aos-right=\"\" data-animation-offset=\"150\" data-animation-duration=\"600\"><div class=\"wpr-animation-wrap wpr-timeline-media\"><img decoding=\"async\" width=\"1944\" height=\"1378\" src=\"https:\/\/reve.clementvilla.fr\/wp-content\/uploads\/2024\/06\/demo-myriade-reve.jpg\" class=\"attachment-full size-full\" alt=\"\u00c9change de connaissances entre les membres du r\u00e9seau REVE\" srcset=\"https:\/\/reve.clementvilla.fr\/wp-content\/uploads\/2024\/06\/demo-myriade-reve.jpg 1944w, https:\/\/reve.clementvilla.fr\/wp-content\/uploads\/2024\/06\/demo-myriade-reve-300x213.jpg 300w, https:\/\/reve.clementvilla.fr\/wp-content\/uploads\/2024\/06\/demo-myriade-reve-1024x726.jpg 1024w, https:\/\/reve.clementvilla.fr\/wp-content\/uploads\/2024\/06\/demo-myriade-reve-768x544.jpg 768w, https:\/\/reve.clementvilla.fr\/wp-content\/uploads\/2024\/06\/demo-myriade-reve-1536x1089.jpg 1536w, https:\/\/reve.clementvilla.fr\/wp-content\/uploads\/2024\/06\/demo-myriade-reve-500x354.jpg 500w\" sizes=\"(max-width: 1944px) 100vw, 1944px\" \/><\/div><div class=\"wpr-timeline-content-wrapper\"><div class=\"wpr-content-wrapper\"><p class=\"wpr-title-wrap\"><span class=\"wpr-title\">Journ\u00e9e 2<\/span><\/p><div class=\"wpr-description\"><p>2<sup>nd<\/sup>\u00a0REVE event took place on December 18, 2023, in Besan\u00e7on, focusing on the qualification of EVs through multimodal and label-free approaches, sponsored by Myriade.<\/p><\/div><\/div><\/div><\/div>\n\t\t\t\t\t\t<\/div>\n\t\t\t\t<\/article><article class=\"wpr-timeline-entry wpr-right-aligned elementor-repeater-item-8d568d1\" data-item-id=\"elementor-repeater-item-8d568d1\"><time class=\"wpr-extra-label\" data-aos=\"fade\" data-aos-left=\"\" data-aos-right=\"\" data-animation-offset=\"150\" data-animation-duration=\"600\"><span class=\"wpr-label\">10 avril 2024<\/span><\/time><div class=\"wpr-timeline-entry-inner\"><div class=\"wpr-main-line-icon wpr-icon\"><\/div><div class=\"wpr-story-info-vertical wpr-data-wrap\"  data-aos=\"fade\" data-aos-left=\"\" data-aos-right=\"\" data-animation-offset=\"150\" data-animation-duration=\"600\"><div class=\"wpr-animation-wrap wpr-timeline-media\"><img loading=\"lazy\" decoding=\"async\" width=\"600\" height=\"373\" src=\"https:\/\/reve.clementvilla.fr\/wp-content\/uploads\/2024\/06\/journee3.jpg\" class=\"attachment-full size-full\" alt=\"Conf\u00e9rence lors d&#039;une journ\u00e9e de rencontre du r\u00e9seau REVE\" srcset=\"https:\/\/reve.clementvilla.fr\/wp-content\/uploads\/2024\/06\/journee3.jpg 600w, https:\/\/reve.clementvilla.fr\/wp-content\/uploads\/2024\/06\/journee3-300x187.jpg 300w, https:\/\/reve.clementvilla.fr\/wp-content\/uploads\/2024\/06\/journee3-500x311.jpg 500w\" sizes=\"(max-width: 600px) 100vw, 600px\" \/><\/div><div class=\"wpr-timeline-content-wrapper\"><div class=\"wpr-content-wrapper\"><p class=\"wpr-title-wrap\"><span class=\"wpr-title\">Journ\u00e9e 3<\/span><\/p><div class=\"wpr-description\"><p><sup><span style=\"font-size: 16px\">3<\/span>nd<\/sup> REVE day on April 10, 2024, in Dijon, focusing on EVs in clinical research.<\/p><\/div><\/div><\/div><\/div>\n\t\t\t\t\t\t<\/div>\n\t\t\t\t<\/article><\/div>    \n\t\t\t<\/div>\t\t<\/div>\n\t\t\t\t<\/div>\n\t\t\t\t\t<\/div>\n\t\t\t\t<\/div>\n\t\t\t\t<\/div>","protected":false},"excerpt":{"rendered":"<p>Qui sommes-nous ? Explorez le r\u00e9seau REVE et ses membres, un consortium fran\u00e7ais de recherche consacr\u00e9 aux v\u00e9sicules extracellulaires. Notre collaboration interdisciplinaire stimule l&rsquo;innovation et l&rsquo;\u00e9change de connaissances en biom\u00e9decine et biotechnologie. Les dates cl\u00e9es du r\u00e9seau D\u00e9cembre 2022 Cr\u00e9ation du r\u00e9seau C&rsquo;est en d\u00e9cembre 2022, dans le but de montrer les savoirs sur les VEs dans l&rsquo;est de la France, que le r\u00e9seau REVE a \u00e9t\u00e9 cr\u00e9\u00e9. 20 juin 2023 Journ\u00e9e 1 Le 20 juin 2023 a eu lieu la premi\u00e8re rencontre pour tous les membres du r\u00e9seau REVE. Cette journ\u00e9e aux membres d&rsquo;assister \u00e0 de nombreuses conf\u00e9rences sur les v\u00e9sicules extracellulaires mais aussi de rencontrer les sponsors. 18 d\u00e9cembre 2023 Journ\u00e9e 2 2\u00e8me\u00a0journ\u00e9e REVE le 18 d\u00e9cembre 2023 \u00e0 Besan\u00e7on, sur le th\u00e8me de la qualification des EVs par des approches multimodales et sans marquage, une journ\u00e9e sponsoris\u00e9e par Myriade. 10 avril 2024 Journ\u00e9e 3 3\u00e8me journ\u00e9e REVE le 10 avril 2024 \u00e0 Dijon, sur le th\u00e8me des EVs en recherche clinique.<\/p>","protected":false},"author":1,"featured_media":0,"parent":0,"menu_order":0,"comment_status":"closed","ping_status":"closed","template":"","meta":{"footnotes":""},"class_list":["post-30036","page","type-page","status-publish","hentry"],"yoast_head":"<!-- This site is optimized with the Yoast SEO plugin v22.9 - https:\/\/yoast.com\/wordpress\/plugins\/seo\/ -->\n<title>Qui sommes-nous ? - R\u00e9seau REVE<\/title>\n<meta name=\"description\" content=\"Explorez le r\u00e9seau REVE et ses membres, un consortium fran\u00e7ais de recherche consacr\u00e9 aux v\u00e9sicules extracellulaires.\" \/>\n<meta name=\"robots\" content=\"index, follow, max-snippet:-1, max-image-preview:large, max-video-preview:-1\" \/>\n<link rel=\"canonical\" href=\"https:\/\/reve.clementvilla.fr\/en\/qui-sommes-nous\/\" \/>\n<meta property=\"og:locale\" content=\"en_GB\" \/>\n<meta property=\"og:type\" content=\"article\" \/>\n<meta property=\"og:title\" content=\"Qui sommes-nous ? - R\u00e9seau REVE\" \/>\n<meta property=\"og:description\" content=\"Explorez le r\u00e9seau REVE et ses membres, un consortium fran\u00e7ais de recherche consacr\u00e9 aux v\u00e9sicules extracellulaires.\" \/>\n<meta property=\"og:url\" content=\"https:\/\/reve.clementvilla.fr\/en\/qui-sommes-nous\/\" \/>\n<meta property=\"og:site_name\" content=\"REVE\" \/>\n<meta property=\"article:modified_time\" content=\"2024-06-21T12:56:49+00:00\" \/>\n<meta property=\"og:image\" content=\"https:\/\/reve.clementvilla.fr\/wp-content\/uploads\/2024\/05\/logo-reve-noir.png\" \/>\n<meta name=\"twitter:card\" content=\"summary_large_image\" \/>\n<meta name=\"twitter:label1\" content=\"Estimated reading time\" \/>\n\t<meta name=\"twitter:data1\" content=\"2 minutes\" \/>\n<script type=\"application\/ld+json\" class=\"yoast-schema-graph\">{\"@context\":\"https:\/\/schema.org\",\"@graph\":[{\"@type\":\"WebPage\",\"@id\":\"https:\/\/reve.clementvilla.fr\/qui-sommes-nous\/\",\"url\":\"https:\/\/reve.clementvilla.fr\/qui-sommes-nous\/\",\"name\":\"Qui sommes-nous ? - R\u00e9seau REVE\",\"isPartOf\":{\"@id\":\"https:\/\/reve.clementvilla.fr\/#website\"},\"primaryImageOfPage\":{\"@id\":\"https:\/\/reve.clementvilla.fr\/qui-sommes-nous\/#primaryimage\"},\"image\":{\"@id\":\"https:\/\/reve.clementvilla.fr\/qui-sommes-nous\/#primaryimage\"},\"thumbnailUrl\":\"https:\/\/reve.clementvilla.fr\/wp-content\/uploads\/2024\/05\/logo-reve-noir.png\",\"datePublished\":\"2024-06-10T12:48:45+00:00\",\"dateModified\":\"2024-06-21T12:56:49+00:00\",\"description\":\"Explorez le r\u00e9seau REVE et ses membres, un consortium fran\u00e7ais de recherche consacr\u00e9 aux v\u00e9sicules extracellulaires.\",\"breadcrumb\":{\"@id\":\"https:\/\/reve.clementvilla.fr\/qui-sommes-nous\/#breadcrumb\"},\"inLanguage\":\"en-GB\",\"potentialAction\":[{\"@type\":\"ReadAction\",\"target\":[\"https:\/\/reve.clementvilla.fr\/qui-sommes-nous\/\"]}]},{\"@type\":\"ImageObject\",\"inLanguage\":\"en-GB\",\"@id\":\"https:\/\/reve.clementvilla.fr\/qui-sommes-nous\/#primaryimage\",\"url\":\"https:\/\/reve.clementvilla.fr\/wp-content\/uploads\/2024\/05\/logo-reve-noir.png\",\"contentUrl\":\"https:\/\/reve.clementvilla.fr\/wp-content\/uploads\/2024\/05\/logo-reve-noir.png\"},{\"@type\":\"BreadcrumbList\",\"@id\":\"https:\/\/reve.clementvilla.fr\/qui-sommes-nous\/#breadcrumb\",\"itemListElement\":[{\"@type\":\"ListItem\",\"position\":1,\"name\":\"Accueil\",\"item\":\"https:\/\/reve.clementvilla.fr\/\"},{\"@type\":\"ListItem\",\"position\":2,\"name\":\"Qui sommes-nous ?\"}]},{\"@type\":\"WebSite\",\"@id\":\"https:\/\/reve.clementvilla.fr\/#website\",\"url\":\"https:\/\/reve.clementvilla.fr\/\",\"name\":\"REVE\",\"description\":\"R\u00e9seau Est des V\u00e9sicules Extracellulaires\",\"publisher\":{\"@id\":\"https:\/\/reve.clementvilla.fr\/#organization\"},\"potentialAction\":[{\"@type\":\"SearchAction\",\"target\":{\"@type\":\"EntryPoint\",\"urlTemplate\":\"https:\/\/reve.clementvilla.fr\/?s={search_term_string}\"},\"query-input\":\"required name=search_term_string\"}],\"inLanguage\":\"en-GB\"},{\"@type\":\"Organization\",\"@id\":\"https:\/\/reve.clementvilla.fr\/#organization\",\"name\":\"REVE\",\"url\":\"https:\/\/reve.clementvilla.fr\/\",\"logo\":{\"@type\":\"ImageObject\",\"inLanguage\":\"en-GB\",\"@id\":\"https:\/\/reve.clementvilla.fr\/#\/schema\/logo\/image\/\",\"url\":\"https:\/\/reve.clementvilla.fr\/wp-content\/uploads\/2024\/06\/favicon.jpg\",\"contentUrl\":\"https:\/\/reve.clementvilla.fr\/wp-content\/uploads\/2024\/06\/favicon.jpg\",\"width\":512,\"height\":512,\"caption\":\"REVE\"},\"image\":{\"@id\":\"https:\/\/reve.clementvilla.fr\/#\/schema\/logo\/image\/\"}}]}<\/script>\n<!-- \/ Yoast SEO plugin. -->","yoast_head_json":{"title":"Qui sommes-nous ? - R\u00e9seau REVE","description":"Explorez le r\u00e9seau REVE et ses membres, un consortium fran\u00e7ais de recherche consacr\u00e9 aux v\u00e9sicules extracellulaires.","robots":{"index":"index","follow":"follow","max-snippet":"max-snippet:-1","max-image-preview":"max-image-preview:large","max-video-preview":"max-video-preview:-1"},"canonical":"https:\/\/reve.clementvilla.fr\/en\/qui-sommes-nous\/","og_locale":"en_GB","og_type":"article","og_title":"Qui sommes-nous ? - R\u00e9seau REVE","og_description":"Explorez le r\u00e9seau REVE et ses membres, un consortium fran\u00e7ais de recherche consacr\u00e9 aux v\u00e9sicules extracellulaires.","og_url":"https:\/\/reve.clementvilla.fr\/en\/qui-sommes-nous\/","og_site_name":"REVE","article_modified_time":"2024-06-21T12:56:49+00:00","og_image":[{"url":"https:\/\/reve.clementvilla.fr\/wp-content\/uploads\/2024\/05\/logo-reve-noir.png"}],"twitter_card":"summary_large_image","twitter_misc":{"Estimated reading time":"2 minutes"},"schema":{"@context":"https:\/\/schema.org","@graph":[{"@type":"WebPage","@id":"https:\/\/reve.clementvilla.fr\/qui-sommes-nous\/","url":"https:\/\/reve.clementvilla.fr\/qui-sommes-nous\/","name":"Qui sommes-nous ? - R\u00e9seau REVE","isPartOf":{"@id":"https:\/\/reve.clementvilla.fr\/#website"},"primaryImageOfPage":{"@id":"https:\/\/reve.clementvilla.fr\/qui-sommes-nous\/#primaryimage"},"image":{"@id":"https:\/\/reve.clementvilla.fr\/qui-sommes-nous\/#primaryimage"},"thumbnailUrl":"https:\/\/reve.clementvilla.fr\/wp-content\/uploads\/2024\/05\/logo-reve-noir.png","datePublished":"2024-06-10T12:48:45+00:00","dateModified":"2024-06-21T12:56:49+00:00","description":"Explorez le r\u00e9seau REVE et ses membres, un consortium fran\u00e7ais de recherche consacr\u00e9 aux v\u00e9sicules extracellulaires.","breadcrumb":{"@id":"https:\/\/reve.clementvilla.fr\/qui-sommes-nous\/#breadcrumb"},"inLanguage":"en-GB","potentialAction":[{"@type":"ReadAction","target":["https:\/\/reve.clementvilla.fr\/qui-sommes-nous\/"]}]},{"@type":"ImageObject","inLanguage":"en-GB","@id":"https:\/\/reve.clementvilla.fr\/qui-sommes-nous\/#primaryimage","url":"https:\/\/reve.clementvilla.fr\/wp-content\/uploads\/2024\/05\/logo-reve-noir.png","contentUrl":"https:\/\/reve.clementvilla.fr\/wp-content\/uploads\/2024\/05\/logo-reve-noir.png"},{"@type":"BreadcrumbList","@id":"https:\/\/reve.clementvilla.fr\/qui-sommes-nous\/#breadcrumb","itemListElement":[{"@type":"ListItem","position":1,"name":"Accueil","item":"https:\/\/reve.clementvilla.fr\/"},{"@type":"ListItem","position":2,"name":"Qui sommes-nous ?"}]},{"@type":"WebSite","@id":"https:\/\/reve.clementvilla.fr\/#website","url":"https:\/\/reve.clementvilla.fr\/","name":"REVE","description":"R\u00e9seau Est des V\u00e9sicules Extracellulaires","publisher":{"@id":"https:\/\/reve.clementvilla.fr\/#organization"},"potentialAction":[{"@type":"SearchAction","target":{"@type":"EntryPoint","urlTemplate":"https:\/\/reve.clementvilla.fr\/?s={search_term_string}"},"query-input":"required name=search_term_string"}],"inLanguage":"en-GB"},{"@type":"Organization","@id":"https:\/\/reve.clementvilla.fr\/#organization","name":"REVE","url":"https:\/\/reve.clementvilla.fr\/","logo":{"@type":"ImageObject","inLanguage":"en-GB","@id":"https:\/\/reve.clementvilla.fr\/#\/schema\/logo\/image\/","url":"https:\/\/reve.clementvilla.fr\/wp-content\/uploads\/2024\/06\/favicon.jpg","contentUrl":"https:\/\/reve.clementvilla.fr\/wp-content\/uploads\/2024\/06\/favicon.jpg","width":512,"height":512,"caption":"REVE"},"image":{"@id":"https:\/\/reve.clementvilla.fr\/#\/schema\/logo\/image\/"}}]}},"_links":{"self":[{"href":"https:\/\/reve.clementvilla.fr\/en\/wp-json\/wp\/v2\/pages\/30036","targetHints":{"allow":["GET"]}}],"collection":[{"href":"https:\/\/reve.clementvilla.fr\/en\/wp-json\/wp\/v2\/pages"}],"about":[{"href":"https:\/\/reve.clementvilla.fr\/en\/wp-json\/wp\/v2\/types\/page"}],"author":[{"embeddable":true,"href":"https:\/\/reve.clementvilla.fr\/en\/wp-json\/wp\/v2\/users\/1"}],"replies":[{"embeddable":true,"href":"https:\/\/reve.clementvilla.fr\/en\/wp-json\/wp\/v2\/comments?post=30036"}],"version-history":[{"count":52,"href":"https:\/\/reve.clementvilla.fr\/en\/wp-json\/wp\/v2\/pages\/30036\/revisions"}],"predecessor-version":[{"id":30555,"href":"https:\/\/reve.clementvilla.fr\/en\/wp-json\/wp\/v2\/pages\/30036\/revisions\/30555"}],"wp:attachment":[{"href":"https:\/\/reve.clementvilla.fr\/en\/wp-json\/wp\/v2\/media?parent=30036"}],"curies":[{"name":"wp","href":"https:\/\/api.w.org\/{rel}","templated":true}]}}