{"id":30038,"date":"2024-06-10T14:49:01","date_gmt":"2024-06-10T12:49:01","guid":{"rendered":"https:\/\/reve.clementvilla.fr\/?page_id=30038"},"modified":"2024-06-21T14:58:24","modified_gmt":"2024-06-21T12:58:24","slug":"nos-membres","status":"publish","type":"page","link":"https:\/\/reve.clementvilla.fr\/en\/nos-membres\/","title":{"rendered":"Our members"},"content":{"rendered":"<div data-elementor-type=\"wp-page\" data-elementor-id=\"30038\" class=\"elementor elementor-30038\">\n\t\t\t\t<div class=\"elementor-element elementor-element-174e4b9 e-con-full e-flex wpr-particle-no wpr-jarallax-no wpr-parallax-no wpr-sticky-section-no e-con e-parent\" data-id=\"174e4b9\" data-element_type=\"container\" data-settings=\"{&quot;background_background&quot;:&quot;classic&quot;,&quot;_ha_eqh_enable&quot;:false}\">\n\t\t\t\t<div class=\"elementor-element elementor-element-71d0fc0 elementor-widget elementor-widget-heading\" data-id=\"71d0fc0\" data-element_type=\"widget\" data-widget_type=\"heading.default\">\n\t\t\t\t<div class=\"elementor-widget-container\">\n\t\t\t<style>\/*! elementor - v3.21.0 - 26-05-2024 *\/\n.elementor-heading-title{padding:0;margin:0;line-height:1}.elementor-widget-heading .elementor-heading-title[class*=elementor-size-]>a{color:inherit;font-size:inherit;line-height:inherit}.elementor-widget-heading .elementor-heading-title.elementor-size-small{font-size:15px}.elementor-widget-heading .elementor-heading-title.elementor-size-medium{font-size:19px}.elementor-widget-heading .elementor-heading-title.elementor-size-large{font-size:29px}.elementor-widget-heading .elementor-heading-title.elementor-size-xl{font-size:39px}.elementor-widget-heading .elementor-heading-title.elementor-size-xxl{font-size:59px}<\/style><h2 class=\"elementor-heading-title elementor-size-default\">Our members<\/h2>\t\t<\/div>\n\t\t\t\t<\/div>\n\t\t\t\t<div class=\"elementor-element elementor-element-c167b70 elementor-widget__width-initial elementor-widget-mobile__width-inherit elementor-widget elementor-widget-text-editor\" data-id=\"c167b70\" data-element_type=\"widget\" data-widget_type=\"text-editor.default\">\n\t\t\t\t<div class=\"elementor-widget-container\">\n\t\t\t<style>\/*! elementor - v3.21.0 - 26-05-2024 *\/\n.elementor-widget-text-editor.elementor-drop-cap-view-stacked .elementor-drop-cap{background-color:#69727d;color:#fff}.elementor-widget-text-editor.elementor-drop-cap-view-framed .elementor-drop-cap{color:#69727d;border:3px solid;background-color:transparent}.elementor-widget-text-editor:not(.elementor-drop-cap-view-default) .elementor-drop-cap{margin-top:8px}.elementor-widget-text-editor:not(.elementor-drop-cap-view-default) .elementor-drop-cap-letter{width:1em;height:1em}.elementor-widget-text-editor .elementor-drop-cap{float:left;text-align:center;line-height:1;font-size:50px}.elementor-widget-text-editor .elementor-drop-cap-letter{display:inline-block}<\/style>\t\t\t\t<p>The REVE network (R\u00e9seau d\u2019\u00c9tudes des V\u00e9sicules Extracellulaires) is a French research consortium dedicated to the study of extracellular vesicles. It brings together researchers from various disciplines to promote collaboration, innovation, and the exchange of knowledge in this rapidly expanding field, with potential applications in biomedicine and biotechnology.<\/p>\t\t\t\t\t\t<\/div>\n\t\t\t\t<\/div>\n\t\t\t\t<\/div>\n\t\t<div class=\"wpr-jarallax elementor-element elementor-element-d0e4335 wpr-jarallax-yes e-flex e-con-boxed wpr-particle-no wpr-parallax-no wpr-sticky-section-no e-con e-parent\" speed-data=\"1.2\" bg-image=\"https:\/\/reve.clementvilla.fr\/wp-content\/uploads\/2024\/05\/texture-moins-moins.png\" scroll-effect=\"scroll\" data-id=\"d0e4335\" data-element_type=\"container\" data-settings=\"{&quot;background_background&quot;:&quot;classic&quot;,&quot;shape_divider_top&quot;:&quot;curve-asymmetrical&quot;,&quot;_ha_eqh_enable&quot;:false}\">\n\t\t\t\t\t<div class=\"e-con-inner\">\n\t\t\t\t<div class=\"elementor-shape elementor-shape-top\" data-negative=\"false\">\n\t\t\t<svg xmlns=\"http:\/\/www.w3.org\/2000\/svg\" viewbox=\"0 0 1000 100\" preserveaspectratio=\"none\">\n\t<path class=\"elementor-shape-fill\" d=\"M0,0c0,0,0,6,0,6.7c0,18,240.2,93.6,615.2,92.6C989.8,98.5,1000,25,1000,6.7c0-0.7,0-6.7,0-6.7H0z\"\/>\n<\/svg>\t\t<\/div>\n\t\t\t\t<div class=\"elementor-element elementor-element-2583230 elementor-widget elementor-widget-heading\" data-id=\"2583230\" data-element_type=\"widget\" id=\"bulles-bleu\" data-widget_type=\"heading.default\">\n\t\t\t\t<div class=\"elementor-widget-container\">\n\t\t\t<h2 class=\"elementor-heading-title elementor-size-default\">Members of the network<\/h2>\t\t<\/div>\n\t\t\t\t<\/div>\n\t\t\t\t<div class=\"elementor-element elementor-element-ac68a50 elementor-widget elementor-widget-heading\" data-id=\"ac68a50\" data-element_type=\"widget\" data-widget_type=\"heading.default\">\n\t\t\t\t<div class=\"elementor-widget-container\">\n\t\t\t<h4 class=\"elementor-heading-title elementor-size-default\">The Steering Committee<\/h4>\t\t<\/div>\n\t\t\t\t<\/div>\n\t\t<div class=\"elementor-element elementor-element-d6aeaab e-grid e-con-boxed wpr-particle-no wpr-jarallax-no wpr-parallax-no wpr-sticky-section-no e-con e-child\" data-id=\"d6aeaab\" data-element_type=\"container\" data-settings=\"{&quot;background_background&quot;:&quot;classic&quot;,&quot;_ha_eqh_enable&quot;:false}\">\n\t\t\t\t\t<div class=\"e-con-inner\">\n\t\t\t\t<div class=\"elementor-element elementor-element-95e525d wpr-team-member-divider-center elementor-invisible elementor-widget elementor-widget-wpr-team-member\" data-id=\"95e525d\" data-element_type=\"widget\" data-settings=\"{&quot;_animation&quot;:&quot;fadeInUp&quot;}\" data-widget_type=\"wpr-team-member.default\">\n\t\t\t\t<div class=\"elementor-widget-container\">\n\t\t\t\n\t<div class=\"wpr-team-member\">\n\t\t\t\t\t\n\t\t\t<div class=\"wpr-member-media\">\n\t\t\t\t<div class=\"wpr-member-image\">\n\t\t\t\t\t<img decoding=\"async\" src=\"https:\/\/reve.clementvilla.fr\/wp-content\/uploads\/2024\/06\/celine.jpeg\" alt=\"C\u00e9line \u00c9lie-Caille\">\n\t\t\t\t<\/div>\n\t\t\t\t\t\t\t<\/div>\n\t\t\t\t\n\t\t\n\t\t<div class=\"wpr-member-content\">\n\t\t\t<h3 class=\"wpr-member-name\">C\u00e9line \u00c9lie-Caille<\/h3>\n\t\t\t\n\t\t\t\t\t\t\t<div class=\"wpr-member-job\">CNRS UMR 6174, Institut Femto-ST, Besan\u00e7on<\/div>\n\t\t\t\n\t\t\t\t\t\t\t<div class=\"wpr-member-divider\"><\/div>\n\t\t\t\n\t\t\t\t\t\t\t<div class=\"wpr-member-description\">Associate Professor at the FEMTO-ST Institute, head of the Nano2BIO team<\/div>\n\t\t\t\t\t\t\n\t\t\t\t\t<\/div>\n\n\t\t\t<\/div>\n\n\t\t\t<\/div>\n\t\t\t\t<\/div>\n\t\t\t\t<div class=\"elementor-element elementor-element-cf570d1 wpr-team-member-divider-center elementor-invisible elementor-widget elementor-widget-wpr-team-member\" data-id=\"cf570d1\" data-element_type=\"widget\" data-settings=\"{&quot;_animation&quot;:&quot;fadeInUp&quot;}\" data-widget_type=\"wpr-team-member.default\">\n\t\t\t\t<div class=\"elementor-widget-container\">\n\t\t\t\n\t<div class=\"wpr-team-member\">\n\t\t\t\t\t\n\t\t\t<div class=\"wpr-member-media\">\n\t\t\t\t<div class=\"wpr-member-image\">\n\t\t\t\t\t<img decoding=\"async\" src=\"https:\/\/reve.clementvilla.fr\/wp-content\/uploads\/2024\/06\/jessica.jpeg\" alt=\"Jessica gobbo\">\n\t\t\t\t<\/div>\n\t\t\t\t\t\t\t<\/div>\n\t\t\t\t\n\t\t\n\t\t<div class=\"wpr-member-content\">\n\t\t\t<h3 class=\"wpr-member-name\">Jessica gobbo<\/h3>\n\t\t\t\n\t\t\t\t\t\t\t<div class=\"wpr-member-job\">CGFL, Inserm U1231, Dijon<\/div>\n\t\t\t\n\t\t\t\t\t\t\t<div class=\"wpr-member-divider\"><\/div>\n\t\t\t\n\t\t\t\t\t\t\t<div class=\"wpr-member-description\">Researcher in biology at the Molecular Immuno-Rheumatology Laboratory, specializing in the study of tumor-derived extracellular vesicles<\/div>\n\t\t\t\t\t\t\n\t\t\t\t\t<\/div>\n\n\t\t\t<\/div>\n\n\t\t\t<\/div>\n\t\t\t\t<\/div>\n\t\t\t\t<div class=\"elementor-element elementor-element-abfd7be wpr-team-member-divider-center elementor-invisible elementor-widget elementor-widget-wpr-team-member\" data-id=\"abfd7be\" data-element_type=\"widget\" data-settings=\"{&quot;_animation&quot;:&quot;fadeInUp&quot;}\" data-widget_type=\"wpr-team-member.default\">\n\t\t\t\t<div class=\"elementor-widget-container\">\n\t\t\t\n\t<div class=\"wpr-team-member\">\n\t\t\t\t\t\n\t\t\t<div class=\"wpr-member-media\">\n\t\t\t\t<div class=\"wpr-member-image\">\n\t\t\t\t\t<img decoding=\"async\" src=\"https:\/\/reve.clementvilla.fr\/wp-content\/uploads\/2024\/06\/vincent.jpeg\" alt=\"Vincent hyenne\">\n\t\t\t\t<\/div>\n\t\t\t\t\t\t\t<\/div>\n\t\t\t\t\n\t\t\n\t\t<div class=\"wpr-member-content\">\n\t\t\t<h3 class=\"wpr-member-name\">Vincent hyenne<\/h3>\n\t\t\t\n\t\t\t\t\t\t\t<div class=\"wpr-member-job\">INSERM UMR_S1109, Centre de recherche en Biom\u00e9decine, Strasbourg<\/div>\n\t\t\t\n\t\t\t\t\t\t\t<div class=\"wpr-member-divider\"><\/div>\n\t\t\t\n\t\t\t\t\t\t\t<div class=\"wpr-member-description\">Clinical researcher, Early Phase Unit, CGFL, Dijon<\/div>\n\t\t\t\t\t\t\n\t\t\t\t\t<\/div>\n\n\t\t\t<\/div>\n\n\t\t\t<\/div>\n\t\t\t\t<\/div>\n\t\t\t\t\t<\/div>\n\t\t\t\t<\/div>\n\t\t\t\t\t<\/div>\n\t\t\t\t<\/div>\n\t\t\t\t<\/div>","protected":false},"excerpt":{"rendered":"<p>Nos membres Le r\u00e9seau REVE (R\u00e9seau d\u2019\u00c9tudes des V\u00e9sicules Extracellulaires) est un consortium de recherche fran\u00e7ais d\u00e9di\u00e9 \u00e0 l\u2019\u00e9tude des v\u00e9sicules extracellulaires. Il regroupe des chercheurs de diverses disciplines pour favoriser la collaboration, l\u2019innovation et l\u2019\u00e9change de connaissances dans ce domaine en pleine expansion, avec des applications potentielles en biom\u00e9decine et en biotechnologie. les membres du r\u00e9seau Le comit\u00e9 de pilotage C\u00e9line \u00c9lie-Caille CNRS UMR 6174, Institut Femto-ST, Besan\u00e7on Professeur associ\u00e9e \u00e0 l\u2019institut FEMTO-ST, responsable de l\u2019\u00e9quipe Nano2BIO Jessica gobbo CGFL, Inserm U1231, Dijon Chercheur en biologie au sein du laboratoire Immuno-rhumatologie mol\u00e9culaire1 , sp\u00e9cialis\u00e9 dans l\u2019\u00e9tude des v\u00e9sicules extracellulaires tumorales Vincent hyenne INSERM UMR_S1109, Centre de recherche en Biom\u00e9decine, Strasbourg Chercheur clinicienne, Unit\u00e9 de phase pr\u00e9coce, CGFL, Dijon<\/p>","protected":false},"author":1,"featured_media":0,"parent":0,"menu_order":0,"comment_status":"closed","ping_status":"closed","template":"","meta":{"footnotes":""},"class_list":["post-30038","page","type-page","status-publish","hentry"],"yoast_head":"<!-- This site is optimized with the Yoast SEO plugin v22.9 - https:\/\/yoast.com\/wordpress\/plugins\/seo\/ -->\n<title>Nos membres - REVE<\/title>\n<meta name=\"description\" content=\"Rejoignez les membres du r\u00e9seau REVE pour favoriser la collaboration et l&#039;\u00e9change de connaissances sur les v\u00e9sicules extracellulaires.\" \/>\n<meta name=\"robots\" content=\"index, follow, max-snippet:-1, max-image-preview:large, max-video-preview:-1\" \/>\n<link rel=\"canonical\" href=\"https:\/\/reve.clementvilla.fr\/en\/nos-membres\/\" \/>\n<meta property=\"og:locale\" content=\"en_GB\" \/>\n<meta property=\"og:type\" content=\"article\" \/>\n<meta property=\"og:title\" content=\"Nos membres - REVE\" \/>\n<meta property=\"og:description\" content=\"Rejoignez les membres du r\u00e9seau REVE pour favoriser la collaboration et l&#039;\u00e9change de connaissances sur les v\u00e9sicules extracellulaires.\" \/>\n<meta property=\"og:url\" content=\"https:\/\/reve.clementvilla.fr\/en\/nos-membres\/\" \/>\n<meta property=\"og:site_name\" content=\"REVE\" \/>\n<meta property=\"article:modified_time\" content=\"2024-06-21T12:58:24+00:00\" \/>\n<meta property=\"og:image\" content=\"https:\/\/reve.clementvilla.fr\/wp-content\/uploads\/2024\/06\/celine.jpeg\" \/>\n<meta name=\"twitter:card\" content=\"summary_large_image\" \/>\n<meta name=\"twitter:label1\" content=\"Estimated reading time\" \/>\n\t<meta name=\"twitter:data1\" content=\"2 minutes\" \/>\n<script type=\"application\/ld+json\" class=\"yoast-schema-graph\">{\"@context\":\"https:\/\/schema.org\",\"@graph\":[{\"@type\":\"WebPage\",\"@id\":\"https:\/\/reve.clementvilla.fr\/nos-membres\/\",\"url\":\"https:\/\/reve.clementvilla.fr\/nos-membres\/\",\"name\":\"Nos membres - REVE\",\"isPartOf\":{\"@id\":\"https:\/\/reve.clementvilla.fr\/#website\"},\"primaryImageOfPage\":{\"@id\":\"https:\/\/reve.clementvilla.fr\/nos-membres\/#primaryimage\"},\"image\":{\"@id\":\"https:\/\/reve.clementvilla.fr\/nos-membres\/#primaryimage\"},\"thumbnailUrl\":\"https:\/\/reve.clementvilla.fr\/wp-content\/uploads\/2024\/06\/celine.jpeg\",\"datePublished\":\"2024-06-10T12:49:01+00:00\",\"dateModified\":\"2024-06-21T12:58:24+00:00\",\"description\":\"Rejoignez les membres du r\u00e9seau REVE pour favoriser la collaboration et l'\u00e9change de connaissances sur les v\u00e9sicules extracellulaires.\",\"breadcrumb\":{\"@id\":\"https:\/\/reve.clementvilla.fr\/nos-membres\/#breadcrumb\"},\"inLanguage\":\"en-GB\",\"potentialAction\":[{\"@type\":\"ReadAction\",\"target\":[\"https:\/\/reve.clementvilla.fr\/nos-membres\/\"]}]},{\"@type\":\"ImageObject\",\"inLanguage\":\"en-GB\",\"@id\":\"https:\/\/reve.clementvilla.fr\/nos-membres\/#primaryimage\",\"url\":\"https:\/\/reve.clementvilla.fr\/wp-content\/uploads\/2024\/06\/celine.jpeg\",\"contentUrl\":\"https:\/\/reve.clementvilla.fr\/wp-content\/uploads\/2024\/06\/celine.jpeg\"},{\"@type\":\"BreadcrumbList\",\"@id\":\"https:\/\/reve.clementvilla.fr\/nos-membres\/#breadcrumb\",\"itemListElement\":[{\"@type\":\"ListItem\",\"position\":1,\"name\":\"Accueil\",\"item\":\"https:\/\/reve.clementvilla.fr\/\"},{\"@type\":\"ListItem\",\"position\":2,\"name\":\"Nos membres\"}]},{\"@type\":\"WebSite\",\"@id\":\"https:\/\/reve.clementvilla.fr\/#website\",\"url\":\"https:\/\/reve.clementvilla.fr\/\",\"name\":\"REVE\",\"description\":\"R\u00e9seau Est des V\u00e9sicules Extracellulaires\",\"publisher\":{\"@id\":\"https:\/\/reve.clementvilla.fr\/#organization\"},\"potentialAction\":[{\"@type\":\"SearchAction\",\"target\":{\"@type\":\"EntryPoint\",\"urlTemplate\":\"https:\/\/reve.clementvilla.fr\/?s={search_term_string}\"},\"query-input\":\"required name=search_term_string\"}],\"inLanguage\":\"en-GB\"},{\"@type\":\"Organization\",\"@id\":\"https:\/\/reve.clementvilla.fr\/#organization\",\"name\":\"REVE\",\"url\":\"https:\/\/reve.clementvilla.fr\/\",\"logo\":{\"@type\":\"ImageObject\",\"inLanguage\":\"en-GB\",\"@id\":\"https:\/\/reve.clementvilla.fr\/#\/schema\/logo\/image\/\",\"url\":\"https:\/\/reve.clementvilla.fr\/wp-content\/uploads\/2024\/06\/favicon.jpg\",\"contentUrl\":\"https:\/\/reve.clementvilla.fr\/wp-content\/uploads\/2024\/06\/favicon.jpg\",\"width\":512,\"height\":512,\"caption\":\"REVE\"},\"image\":{\"@id\":\"https:\/\/reve.clementvilla.fr\/#\/schema\/logo\/image\/\"}}]}<\/script>\n<!-- \/ Yoast SEO plugin. -->","yoast_head_json":{"title":"Nos membres - REVE","description":"Rejoignez les membres du r\u00e9seau REVE pour favoriser la collaboration et l'\u00e9change de connaissances sur les v\u00e9sicules extracellulaires.","robots":{"index":"index","follow":"follow","max-snippet":"max-snippet:-1","max-image-preview":"max-image-preview:large","max-video-preview":"max-video-preview:-1"},"canonical":"https:\/\/reve.clementvilla.fr\/en\/nos-membres\/","og_locale":"en_GB","og_type":"article","og_title":"Nos membres - REVE","og_description":"Rejoignez les membres du r\u00e9seau REVE pour favoriser la collaboration et l'\u00e9change de connaissances sur les v\u00e9sicules extracellulaires.","og_url":"https:\/\/reve.clementvilla.fr\/en\/nos-membres\/","og_site_name":"REVE","article_modified_time":"2024-06-21T12:58:24+00:00","og_image":[{"url":"https:\/\/reve.clementvilla.fr\/wp-content\/uploads\/2024\/06\/celine.jpeg"}],"twitter_card":"summary_large_image","twitter_misc":{"Estimated reading time":"2 minutes"},"schema":{"@context":"https:\/\/schema.org","@graph":[{"@type":"WebPage","@id":"https:\/\/reve.clementvilla.fr\/nos-membres\/","url":"https:\/\/reve.clementvilla.fr\/nos-membres\/","name":"Nos membres - REVE","isPartOf":{"@id":"https:\/\/reve.clementvilla.fr\/#website"},"primaryImageOfPage":{"@id":"https:\/\/reve.clementvilla.fr\/nos-membres\/#primaryimage"},"image":{"@id":"https:\/\/reve.clementvilla.fr\/nos-membres\/#primaryimage"},"thumbnailUrl":"https:\/\/reve.clementvilla.fr\/wp-content\/uploads\/2024\/06\/celine.jpeg","datePublished":"2024-06-10T12:49:01+00:00","dateModified":"2024-06-21T12:58:24+00:00","description":"Rejoignez les membres du r\u00e9seau REVE pour favoriser la collaboration et l'\u00e9change de connaissances sur les v\u00e9sicules extracellulaires.","breadcrumb":{"@id":"https:\/\/reve.clementvilla.fr\/nos-membres\/#breadcrumb"},"inLanguage":"en-GB","potentialAction":[{"@type":"ReadAction","target":["https:\/\/reve.clementvilla.fr\/nos-membres\/"]}]},{"@type":"ImageObject","inLanguage":"en-GB","@id":"https:\/\/reve.clementvilla.fr\/nos-membres\/#primaryimage","url":"https:\/\/reve.clementvilla.fr\/wp-content\/uploads\/2024\/06\/celine.jpeg","contentUrl":"https:\/\/reve.clementvilla.fr\/wp-content\/uploads\/2024\/06\/celine.jpeg"},{"@type":"BreadcrumbList","@id":"https:\/\/reve.clementvilla.fr\/nos-membres\/#breadcrumb","itemListElement":[{"@type":"ListItem","position":1,"name":"Accueil","item":"https:\/\/reve.clementvilla.fr\/"},{"@type":"ListItem","position":2,"name":"Nos membres"}]},{"@type":"WebSite","@id":"https:\/\/reve.clementvilla.fr\/#website","url":"https:\/\/reve.clementvilla.fr\/","name":"REVE","description":"R\u00e9seau Est des V\u00e9sicules Extracellulaires","publisher":{"@id":"https:\/\/reve.clementvilla.fr\/#organization"},"potentialAction":[{"@type":"SearchAction","target":{"@type":"EntryPoint","urlTemplate":"https:\/\/reve.clementvilla.fr\/?s={search_term_string}"},"query-input":"required name=search_term_string"}],"inLanguage":"en-GB"},{"@type":"Organization","@id":"https:\/\/reve.clementvilla.fr\/#organization","name":"REVE","url":"https:\/\/reve.clementvilla.fr\/","logo":{"@type":"ImageObject","inLanguage":"en-GB","@id":"https:\/\/reve.clementvilla.fr\/#\/schema\/logo\/image\/","url":"https:\/\/reve.clementvilla.fr\/wp-content\/uploads\/2024\/06\/favicon.jpg","contentUrl":"https:\/\/reve.clementvilla.fr\/wp-content\/uploads\/2024\/06\/favicon.jpg","width":512,"height":512,"caption":"REVE"},"image":{"@id":"https:\/\/reve.clementvilla.fr\/#\/schema\/logo\/image\/"}}]}},"_links":{"self":[{"href":"https:\/\/reve.clementvilla.fr\/en\/wp-json\/wp\/v2\/pages\/30038","targetHints":{"allow":["GET"]}}],"collection":[{"href":"https:\/\/reve.clementvilla.fr\/en\/wp-json\/wp\/v2\/pages"}],"about":[{"href":"https:\/\/reve.clementvilla.fr\/en\/wp-json\/wp\/v2\/types\/page"}],"author":[{"embeddable":true,"href":"https:\/\/reve.clementvilla.fr\/en\/wp-json\/wp\/v2\/users\/1"}],"replies":[{"embeddable":true,"href":"https:\/\/reve.clementvilla.fr\/en\/wp-json\/wp\/v2\/comments?post=30038"}],"version-history":[{"count":68,"href":"https:\/\/reve.clementvilla.fr\/en\/wp-json\/wp\/v2\/pages\/30038\/revisions"}],"predecessor-version":[{"id":30561,"href":"https:\/\/reve.clementvilla.fr\/en\/wp-json\/wp\/v2\/pages\/30038\/revisions\/30561"}],"wp:attachment":[{"href":"https:\/\/reve.clementvilla.fr\/en\/wp-json\/wp\/v2\/media?parent=30038"}],"curies":[{"name":"wp","href":"https:\/\/api.w.org\/{rel}","templated":true}]}}