{"id":30040,"date":"2024-06-10T14:49:20","date_gmt":"2024-06-10T12:49:20","guid":{"rendered":"https:\/\/reve.clementvilla.fr\/?page_id=30040"},"modified":"2024-06-20T16:25:03","modified_gmt":"2024-06-20T14:25:03","slug":"nos-expertises","status":"publish","type":"page","link":"https:\/\/reve.clementvilla.fr\/en\/nos-expertises\/","title":{"rendered":"Our expertise"},"content":{"rendered":"<div data-elementor-type=\"wp-page\" data-elementor-id=\"30040\" class=\"elementor elementor-30040\">\n\t\t\t\t<div class=\"elementor-element elementor-element-b0e9ae0 e-con-full e-flex wpr-particle-no wpr-jarallax-no wpr-parallax-no wpr-sticky-section-no e-con e-parent\" data-id=\"b0e9ae0\" data-element_type=\"container\" data-settings=\"{&quot;background_background&quot;:&quot;classic&quot;,&quot;_ha_eqh_enable&quot;:false}\">\n\t\t\t\t<div class=\"elementor-element elementor-element-d1fa284 elementor-widget elementor-widget-heading\" data-id=\"d1fa284\" data-element_type=\"widget\" data-widget_type=\"heading.default\">\n\t\t\t\t<div class=\"elementor-widget-container\">\n\t\t\t<style>\/*! elementor - v3.21.0 - 26-05-2024 *\/\n.elementor-heading-title{padding:0;margin:0;line-height:1}.elementor-widget-heading .elementor-heading-title[class*=elementor-size-]>a{color:inherit;font-size:inherit;line-height:inherit}.elementor-widget-heading .elementor-heading-title.elementor-size-small{font-size:15px}.elementor-widget-heading .elementor-heading-title.elementor-size-medium{font-size:19px}.elementor-widget-heading .elementor-heading-title.elementor-size-large{font-size:29px}.elementor-widget-heading .elementor-heading-title.elementor-size-xl{font-size:39px}.elementor-widget-heading .elementor-heading-title.elementor-size-xxl{font-size:59px}<\/style><h2 class=\"elementor-heading-title elementor-size-default\">Our expertise<\/h2>\t\t<\/div>\n\t\t\t\t<\/div>\n\t\t\t\t<div class=\"elementor-element elementor-element-f4b7e13 elementor-widget__width-initial elementor-widget-mobile__width-inherit elementor-widget elementor-widget-text-editor\" data-id=\"f4b7e13\" data-element_type=\"widget\" data-widget_type=\"text-editor.default\">\n\t\t\t\t<div class=\"elementor-widget-container\">\n\t\t\t<style>\/*! elementor - v3.21.0 - 26-05-2024 *\/\n.elementor-widget-text-editor.elementor-drop-cap-view-stacked .elementor-drop-cap{background-color:#69727d;color:#fff}.elementor-widget-text-editor.elementor-drop-cap-view-framed .elementor-drop-cap{color:#69727d;border:3px solid;background-color:transparent}.elementor-widget-text-editor:not(.elementor-drop-cap-view-default) .elementor-drop-cap{margin-top:8px}.elementor-widget-text-editor:not(.elementor-drop-cap-view-default) .elementor-drop-cap-letter{width:1em;height:1em}.elementor-widget-text-editor .elementor-drop-cap{float:left;text-align:center;line-height:1;font-size:50px}.elementor-widget-text-editor .elementor-drop-cap-letter{display:inline-block}<\/style>\t\t\t\t<p>The East Network of Extracellular Vesicles brings together internationally renowned scientific experts specializing in the study of extracellular vesicles. Our members possess advanced skills in cell biology, biochemistry, and medicine, enabling them to conduct innovative and high-quality research.<\/p>\t\t\t\t\t\t<\/div>\n\t\t\t\t<\/div>\n\t\t\t\t<\/div>\n\t\t<div class=\"wpr-jarallax elementor-element elementor-element-a11d122 wpr-jarallax-yes e-flex e-con-boxed wpr-particle-no wpr-parallax-no wpr-sticky-section-no e-con e-parent\" speed-data=\"1.2\" bg-image=\"https:\/\/reve.clementvilla.fr\/wp-content\/uploads\/2024\/05\/texture-moins-moins.png\" scroll-effect=\"scroll\" data-id=\"a11d122\" data-element_type=\"container\" data-settings=\"{&quot;background_background&quot;:&quot;classic&quot;,&quot;shape_divider_top&quot;:&quot;curve-asymmetrical&quot;,&quot;_ha_eqh_enable&quot;:false}\">\n\t\t\t\t\t<div class=\"e-con-inner\">\n\t\t\t\t<div class=\"elementor-shape elementor-shape-top\" data-negative=\"false\">\n\t\t\t<svg xmlns=\"http:\/\/www.w3.org\/2000\/svg\" viewbox=\"0 0 1000 100\" preserveaspectratio=\"none\">\n\t<path class=\"elementor-shape-fill\" d=\"M0,0c0,0,0,6,0,6.7c0,18,240.2,93.6,615.2,92.6C989.8,98.5,1000,25,1000,6.7c0-0.7,0-6.7,0-6.7H0z\"\/>\n<\/svg>\t\t<\/div>\n\t\t\t\t<div class=\"elementor-element elementor-element-24576ed elementor-widget elementor-widget-heading\" data-id=\"24576ed\" data-element_type=\"widget\" id=\"bulles-bleu\" data-widget_type=\"heading.default\">\n\t\t\t\t<div class=\"elementor-widget-container\">\n\t\t\t<h2 class=\"elementor-heading-title elementor-size-default\">The network's facilities<\/h2>\t\t<\/div>\n\t\t\t\t<\/div>\n\t\t\t\t<div class=\"elementor-element elementor-element-af54ccf elementor-widget elementor-widget-text-editor\" data-id=\"af54ccf\" data-element_type=\"widget\" data-widget_type=\"text-editor.default\">\n\t\t\t\t<div class=\"elementor-widget-container\">\n\t\t\t\t\t\t\t<p>Le r\u00e9seau REVE a la chance d&rsquo;avoir \u00e0 sa disposition des \u00e9quipements permettant \u00e0 nos experts de travailler dans les meilleurs conditions. Avant le r\u00e9seau, les scientifiques pouvaient difficilement acc\u00e9der aux \u00e9quipements disponibles sur d&rsquo;autres sites que le leur. Voici une carte interactive avec les diff\u00e9rents \u00e9quipements du r\u00e9seau. <strong>Une l\u00e9gende est disponible en cliquant sur l&rsquo;ic\u00f4ne en haut \u00e0 gauche.<\/strong><\/p>\t\t\t\t\t\t<\/div>\n\t\t\t\t<\/div>\n\t\t\t\t<div class=\"elementor-element elementor-element-af46f44 elementor-widget elementor-widget-html\" data-id=\"af46f44\" data-element_type=\"widget\" data-widget_type=\"html.default\">\n\t\t\t\t<div class=\"elementor-widget-container\">\n\t\t\t<iframe src=\"https:\/\/www.google.com\/maps\/d\/u\/0\/embed?mid=1WKLsJEOQQpUDdD8ty7IeP1I872KkHFI&ehbc=2E312F&noprof=1\" width=\"640\" height=\"480\"><\/iframe>\t\t<\/div>\n\t\t\t\t<\/div>\n\t\t\t\t\t<\/div>\n\t\t\t\t<\/div>\n\t\t\t\t<\/div>","protected":false},"excerpt":{"rendered":"<p>Les expertises du r\u00e9seau Le R\u00e9seau Est des V\u00e9sicules Extracellulaires r\u00e9unit des experts scientifiques de renomm\u00e9e internationale, sp\u00e9cialis\u00e9s dans l\u2019\u00e9tude des v\u00e9sicules extracellulaires. Nos membres poss\u00e8dent des comp\u00e9tences avanc\u00e9es en biologie cellulaire, en biochimie, et en m\u00e9decine, ce qui leur permet de mener des recherches innovantes et de qualit\u00e9. Les \u00e9quipements du r\u00e9seau Le r\u00e9seau REVE a la chance d&rsquo;avoir \u00e0 sa disposition des \u00e9quipements permettant \u00e0 nos experts de travailler dans les meilleurs conditions. Avant le r\u00e9seau, les scientifiques pouvaient difficilement acc\u00e9der aux \u00e9quipements disponibles sur d&rsquo;autres sites que le leur. Voici une carte interactive avec les diff\u00e9rents \u00e9quipements du r\u00e9seau. Une l\u00e9gende est disponible en cliquant sur l&rsquo;ic\u00f4ne en haut \u00e0 gauche.<\/p>","protected":false},"author":1,"featured_media":0,"parent":0,"menu_order":0,"comment_status":"closed","ping_status":"closed","template":"","meta":{"footnotes":""},"class_list":["post-30040","page","type-page","status-publish","hentry"],"yoast_head":"<!-- This site is optimized with the Yoast SEO plugin v22.9 - https:\/\/yoast.com\/wordpress\/plugins\/seo\/ -->\n<title>Nos expertises - REVE<\/title>\n<meta name=\"description\" content=\"REVE r\u00e9unit des experts scientifiques de renomm\u00e9e, ainsi que les \u00e9quipements n\u00e9cessaires pour travailler sur les v\u00e9sicules extracellulaires.\" \/>\n<meta name=\"robots\" content=\"index, follow, max-snippet:-1, max-image-preview:large, max-video-preview:-1\" \/>\n<link rel=\"canonical\" href=\"https:\/\/reve.clementvilla.fr\/en\/nos-expertises\/\" \/>\n<meta property=\"og:locale\" content=\"en_GB\" \/>\n<meta property=\"og:type\" content=\"article\" \/>\n<meta property=\"og:title\" content=\"Nos expertises - REVE\" \/>\n<meta property=\"og:description\" content=\"REVE r\u00e9unit des experts scientifiques de renomm\u00e9e, ainsi que les \u00e9quipements n\u00e9cessaires pour travailler sur les v\u00e9sicules extracellulaires.\" \/>\n<meta property=\"og:url\" content=\"https:\/\/reve.clementvilla.fr\/en\/nos-expertises\/\" \/>\n<meta property=\"og:site_name\" content=\"REVE\" \/>\n<meta property=\"article:modified_time\" content=\"2024-06-20T14:25:03+00:00\" \/>\n<meta name=\"twitter:card\" content=\"summary_large_image\" \/>\n<meta name=\"twitter:label1\" content=\"Estimated reading time\" \/>\n\t<meta name=\"twitter:data1\" content=\"1 minute\" \/>\n<script type=\"application\/ld+json\" class=\"yoast-schema-graph\">{\"@context\":\"https:\/\/schema.org\",\"@graph\":[{\"@type\":\"WebPage\",\"@id\":\"https:\/\/reve.clementvilla.fr\/nos-expertises\/\",\"url\":\"https:\/\/reve.clementvilla.fr\/nos-expertises\/\",\"name\":\"Nos expertises - REVE\",\"isPartOf\":{\"@id\":\"https:\/\/reve.clementvilla.fr\/#website\"},\"datePublished\":\"2024-06-10T12:49:20+00:00\",\"dateModified\":\"2024-06-20T14:25:03+00:00\",\"description\":\"REVE r\u00e9unit des experts scientifiques de renomm\u00e9e, ainsi que les \u00e9quipements n\u00e9cessaires pour travailler sur les v\u00e9sicules extracellulaires.\",\"breadcrumb\":{\"@id\":\"https:\/\/reve.clementvilla.fr\/nos-expertises\/#breadcrumb\"},\"inLanguage\":\"en-GB\",\"potentialAction\":[{\"@type\":\"ReadAction\",\"target\":[\"https:\/\/reve.clementvilla.fr\/nos-expertises\/\"]}]},{\"@type\":\"BreadcrumbList\",\"@id\":\"https:\/\/reve.clementvilla.fr\/nos-expertises\/#breadcrumb\",\"itemListElement\":[{\"@type\":\"ListItem\",\"position\":1,\"name\":\"Accueil\",\"item\":\"https:\/\/reve.clementvilla.fr\/\"},{\"@type\":\"ListItem\",\"position\":2,\"name\":\"Nos expertises\"}]},{\"@type\":\"WebSite\",\"@id\":\"https:\/\/reve.clementvilla.fr\/#website\",\"url\":\"https:\/\/reve.clementvilla.fr\/\",\"name\":\"REVE\",\"description\":\"R\u00e9seau Est des V\u00e9sicules Extracellulaires\",\"publisher\":{\"@id\":\"https:\/\/reve.clementvilla.fr\/#organization\"},\"potentialAction\":[{\"@type\":\"SearchAction\",\"target\":{\"@type\":\"EntryPoint\",\"urlTemplate\":\"https:\/\/reve.clementvilla.fr\/?s={search_term_string}\"},\"query-input\":\"required name=search_term_string\"}],\"inLanguage\":\"en-GB\"},{\"@type\":\"Organization\",\"@id\":\"https:\/\/reve.clementvilla.fr\/#organization\",\"name\":\"REVE\",\"url\":\"https:\/\/reve.clementvilla.fr\/\",\"logo\":{\"@type\":\"ImageObject\",\"inLanguage\":\"en-GB\",\"@id\":\"https:\/\/reve.clementvilla.fr\/#\/schema\/logo\/image\/\",\"url\":\"https:\/\/reve.clementvilla.fr\/wp-content\/uploads\/2024\/06\/favicon.jpg\",\"contentUrl\":\"https:\/\/reve.clementvilla.fr\/wp-content\/uploads\/2024\/06\/favicon.jpg\",\"width\":512,\"height\":512,\"caption\":\"REVE\"},\"image\":{\"@id\":\"https:\/\/reve.clementvilla.fr\/#\/schema\/logo\/image\/\"}}]}<\/script>\n<!-- \/ Yoast SEO plugin. -->","yoast_head_json":{"title":"Nos expertises - REVE","description":"REVE r\u00e9unit des experts scientifiques de renomm\u00e9e, ainsi que les \u00e9quipements n\u00e9cessaires pour travailler sur les v\u00e9sicules extracellulaires.","robots":{"index":"index","follow":"follow","max-snippet":"max-snippet:-1","max-image-preview":"max-image-preview:large","max-video-preview":"max-video-preview:-1"},"canonical":"https:\/\/reve.clementvilla.fr\/en\/nos-expertises\/","og_locale":"en_GB","og_type":"article","og_title":"Nos expertises - REVE","og_description":"REVE r\u00e9unit des experts scientifiques de renomm\u00e9e, ainsi que les \u00e9quipements n\u00e9cessaires pour travailler sur les v\u00e9sicules extracellulaires.","og_url":"https:\/\/reve.clementvilla.fr\/en\/nos-expertises\/","og_site_name":"REVE","article_modified_time":"2024-06-20T14:25:03+00:00","twitter_card":"summary_large_image","twitter_misc":{"Estimated reading time":"1 minute"},"schema":{"@context":"https:\/\/schema.org","@graph":[{"@type":"WebPage","@id":"https:\/\/reve.clementvilla.fr\/nos-expertises\/","url":"https:\/\/reve.clementvilla.fr\/nos-expertises\/","name":"Nos expertises - REVE","isPartOf":{"@id":"https:\/\/reve.clementvilla.fr\/#website"},"datePublished":"2024-06-10T12:49:20+00:00","dateModified":"2024-06-20T14:25:03+00:00","description":"REVE r\u00e9unit des experts scientifiques de renomm\u00e9e, ainsi que les \u00e9quipements n\u00e9cessaires pour travailler sur les v\u00e9sicules extracellulaires.","breadcrumb":{"@id":"https:\/\/reve.clementvilla.fr\/nos-expertises\/#breadcrumb"},"inLanguage":"en-GB","potentialAction":[{"@type":"ReadAction","target":["https:\/\/reve.clementvilla.fr\/nos-expertises\/"]}]},{"@type":"BreadcrumbList","@id":"https:\/\/reve.clementvilla.fr\/nos-expertises\/#breadcrumb","itemListElement":[{"@type":"ListItem","position":1,"name":"Accueil","item":"https:\/\/reve.clementvilla.fr\/"},{"@type":"ListItem","position":2,"name":"Nos expertises"}]},{"@type":"WebSite","@id":"https:\/\/reve.clementvilla.fr\/#website","url":"https:\/\/reve.clementvilla.fr\/","name":"REVE","description":"R\u00e9seau Est des V\u00e9sicules Extracellulaires","publisher":{"@id":"https:\/\/reve.clementvilla.fr\/#organization"},"potentialAction":[{"@type":"SearchAction","target":{"@type":"EntryPoint","urlTemplate":"https:\/\/reve.clementvilla.fr\/?s={search_term_string}"},"query-input":"required name=search_term_string"}],"inLanguage":"en-GB"},{"@type":"Organization","@id":"https:\/\/reve.clementvilla.fr\/#organization","name":"REVE","url":"https:\/\/reve.clementvilla.fr\/","logo":{"@type":"ImageObject","inLanguage":"en-GB","@id":"https:\/\/reve.clementvilla.fr\/#\/schema\/logo\/image\/","url":"https:\/\/reve.clementvilla.fr\/wp-content\/uploads\/2024\/06\/favicon.jpg","contentUrl":"https:\/\/reve.clementvilla.fr\/wp-content\/uploads\/2024\/06\/favicon.jpg","width":512,"height":512,"caption":"REVE"},"image":{"@id":"https:\/\/reve.clementvilla.fr\/#\/schema\/logo\/image\/"}}]}},"_links":{"self":[{"href":"https:\/\/reve.clementvilla.fr\/en\/wp-json\/wp\/v2\/pages\/30040","targetHints":{"allow":["GET"]}}],"collection":[{"href":"https:\/\/reve.clementvilla.fr\/en\/wp-json\/wp\/v2\/pages"}],"about":[{"href":"https:\/\/reve.clementvilla.fr\/en\/wp-json\/wp\/v2\/types\/page"}],"author":[{"embeddable":true,"href":"https:\/\/reve.clementvilla.fr\/en\/wp-json\/wp\/v2\/users\/1"}],"replies":[{"embeddable":true,"href":"https:\/\/reve.clementvilla.fr\/en\/wp-json\/wp\/v2\/comments?post=30040"}],"version-history":[{"count":44,"href":"https:\/\/reve.clementvilla.fr\/en\/wp-json\/wp\/v2\/pages\/30040\/revisions"}],"predecessor-version":[{"id":30552,"href":"https:\/\/reve.clementvilla.fr\/en\/wp-json\/wp\/v2\/pages\/30040\/revisions\/30552"}],"wp:attachment":[{"href":"https:\/\/reve.clementvilla.fr\/en\/wp-json\/wp\/v2\/media?parent=30040"}],"curies":[{"name":"wp","href":"https:\/\/api.w.org\/{rel}","templated":true}]}}